{"id":463,"date":"2008-07-18T21:59:50","date_gmt":"2008-07-18T20:59:50","guid":{"rendered":"http:\/\/www.agrupament.cat\/portal\/?page_id=463"},"modified":"2022-05-22T11:22:01","modified_gmt":"2022-05-22T10:22:01","slug":"el-bucle-de-retorn","status":"publish","type":"page","link":"https:\/\/www.agrupament.cat\/portal\/les-maquetes\/el-bucle-de-retorn\/","title":{"rendered":"El bucle de retorn"},"content":{"rendered":"<p>El bucle de retorn va n\u00e9ixer amb la finalitat de permetre girar els trens complets a les trobades de m\u00f2duls FCAF, disposant de diverses vies d&#8217;estacionament per a la regulaci\u00f3 de la dist\u00e0ncia entre trens.<\/p>\n<p>Degut a la seva forma, ens ha perm\u00e8s disposar de molt espai per a realitzar la seva decoraci\u00f3. Ho hem aprofitat per a situar-hi una t\u00edpica masia catalana, rodejada d&#8217;un camp de blat, vinyes, camps llaurats i un canal de rec que acaba en una bassa.<\/p>\n<table style=\"text-align: center; width: 100%;\" border=\"0\">\n<tbody>\n<tr>\n<td align=\"center\"><a href=\"https:\/\/www.agrupament.cat\/portal\/wp-content\/uploads\/2008\/07\/dsc_4281.jpg\"><img loading=\"lazy\" decoding=\"async\" class=\"alignnone wp-image-472 size-medium\" title=\"Bucle de retorn\" src=\"https:\/\/www.agrupament.cat\/portal\/wp-content\/uploads\/2008\/07\/dsc_4281-300x199.jpg\" alt=\"Trobada de m\u00f2duls de Valls 16\/02\/2008\" width=\"300\" height=\"199\" srcset=\"https:\/\/www.agrupament.cat\/portal\/wp-content\/uploads\/2008\/07\/dsc_4281-300x199.jpg 300w, https:\/\/www.agrupament.cat\/portal\/wp-content\/uploads\/2008\/07\/dsc_4281.jpg 1024w\" sizes=\"auto, (max-width: 300px) 100vw, 300px\" \/><\/a><\/td>\n<td align=\"center\"><a href=\"https:\/\/www.agrupament.cat\/portal\/wp-content\/uploads\/2008\/07\/dsc_4050.jpg\"><img loading=\"lazy\" decoding=\"async\" class=\"alignnone wp-image-471 size-medium\" title=\"Bucle de retorn\" src=\"https:\/\/www.agrupament.cat\/portal\/wp-content\/uploads\/2008\/07\/dsc_4050-300x199.jpg\" alt=\"Trobada de m\u00f2duls de Valls 16\/02\/2008\" width=\"300\" height=\"199\" srcset=\"https:\/\/www.agrupament.cat\/portal\/wp-content\/uploads\/2008\/07\/dsc_4050-300x199.jpg 300w, https:\/\/www.agrupament.cat\/portal\/wp-content\/uploads\/2008\/07\/dsc_4050.jpg 1024w\" sizes=\"auto, (max-width: 300px) 100vw, 300px\" \/><\/a><\/td>\n<\/tr>\n<\/tbody>\n<\/table>\n<h2>La masia de Can Llobet<\/h2>\n<p>La masia rep el nom d&#8217;en Pere Llobet, ex president de l&#8217;entitat, que \u00e9s qui ha constru\u00eft l&#8217;edifici de la masia.<\/p>\n<p>&nbsp;<\/p>\n<table style=\"text-align: center; width: 100%;\" border=\"0\">\n<tbody>\n<tr>\n<td align=\"center\"><a href=\"https:\/\/www.agrupament.cat\/portal\/wp-content\/uploads\/2008\/07\/p9180087b.jpg\"><img loading=\"lazy\" decoding=\"async\" class=\"alignnone wp-image-466 size-medium\" title=\"Masia de Can Llobet\" src=\"https:\/\/www.agrupament.cat\/portal\/wp-content\/uploads\/2008\/07\/p9180087b-300x225.jpg\" alt=\"\" width=\"300\" height=\"225\" srcset=\"https:\/\/www.agrupament.cat\/portal\/wp-content\/uploads\/2008\/07\/p9180087b-300x225.jpg 300w, https:\/\/www.agrupament.cat\/portal\/wp-content\/uploads\/2008\/07\/p9180087b.jpg 1024w\" sizes=\"auto, (max-width: 300px) 100vw, 300px\" \/><\/a><\/td>\n<td align=\"center\"><a href=\"https:\/\/www.agrupament.cat\/portal\/wp-content\/uploads\/2008\/07\/dscn3088.jpg\"><img loading=\"lazy\" decoding=\"async\" class=\"alignnone wp-image-479 size-medium\" title=\"Bucle de retorn\" src=\"https:\/\/www.agrupament.cat\/portal\/wp-content\/uploads\/2008\/07\/dscn3088-300x225.jpg\" alt=\"Masia Can Llobet\" width=\"300\" height=\"225\" srcset=\"https:\/\/www.agrupament.cat\/portal\/wp-content\/uploads\/2008\/07\/dscn3088-300x225.jpg 300w, https:\/\/www.agrupament.cat\/portal\/wp-content\/uploads\/2008\/07\/dscn3088.jpg 1024w\" sizes=\"auto, (max-width: 300px) 100vw, 300px\" \/><\/a><\/td>\n<\/tr>\n<tr>\n<td align=\"center\"><a href=\"https:\/\/www.agrupament.cat\/portal\/wp-content\/uploads\/2008\/07\/dsc_4052.jpg\"><img loading=\"lazy\" decoding=\"async\" class=\"alignnone wp-image-476 size-medium\" title=\"Bucle de retorn\" src=\"https:\/\/www.agrupament.cat\/portal\/wp-content\/uploads\/2008\/07\/dsc_4052-300x199.jpg\" alt=\"Masia de Can Llobet\" width=\"300\" height=\"199\" srcset=\"https:\/\/www.agrupament.cat\/portal\/wp-content\/uploads\/2008\/07\/dsc_4052-300x199.jpg 300w, https:\/\/www.agrupament.cat\/portal\/wp-content\/uploads\/2008\/07\/dsc_4052.jpg 1024w\" sizes=\"auto, (max-width: 300px) 100vw, 300px\" \/><\/a><\/td>\n<td align=\"center\"><a href=\"https:\/\/www.agrupament.cat\/portal\/wp-content\/uploads\/2008\/07\/dsc_4094.jpg\"><img loading=\"lazy\" decoding=\"async\" class=\"alignnone wp-image-475 size-medium\" title=\"Bucle de retorn\" src=\"https:\/\/www.agrupament.cat\/portal\/wp-content\/uploads\/2008\/07\/dsc_4094-300x199.jpg\" alt=\"Masia de Can Llobet\" width=\"300\" height=\"199\" srcset=\"https:\/\/www.agrupament.cat\/portal\/wp-content\/uploads\/2008\/07\/dsc_4094-300x199.jpg 300w, https:\/\/www.agrupament.cat\/portal\/wp-content\/uploads\/2008\/07\/dsc_4094.jpg 1024w\" sizes=\"auto, (max-width: 300px) 100vw, 300px\" \/><\/a><\/td>\n<\/tr>\n<tr>\n<td align=\"center\"><a href=\"https:\/\/www.agrupament.cat\/portal\/wp-content\/uploads\/2008\/07\/dscn0618.jpg\"><img loading=\"lazy\" decoding=\"async\" class=\"alignnone wp-image-473 size-medium\" title=\"Bucle de retorn\" src=\"https:\/\/www.agrupament.cat\/portal\/wp-content\/uploads\/2008\/07\/dscn0618-300x225.jpg\" alt=\"Masia de Can Llobet\" width=\"300\" height=\"225\" srcset=\"https:\/\/www.agrupament.cat\/portal\/wp-content\/uploads\/2008\/07\/dscn0618-300x225.jpg 300w, https:\/\/www.agrupament.cat\/portal\/wp-content\/uploads\/2008\/07\/dscn0618.jpg 1024w\" sizes=\"auto, (max-width: 300px) 100vw, 300px\" \/><\/a><\/td>\n<td align=\"center\"><a href=\"https:\/\/www.agrupament.cat\/portal\/wp-content\/uploads\/2008\/07\/dscn3091.jpg\"><img loading=\"lazy\" decoding=\"async\" class=\"alignnone wp-image-481 size-medium\" title=\"Bucle de retorn\" src=\"https:\/\/www.agrupament.cat\/portal\/wp-content\/uploads\/2008\/07\/dscn3091-300x225.jpg\" alt=\"Masia de Can Llobet\" width=\"300\" height=\"225\" srcset=\"https:\/\/www.agrupament.cat\/portal\/wp-content\/uploads\/2008\/07\/dscn3091-300x225.jpg 300w, https:\/\/www.agrupament.cat\/portal\/wp-content\/uploads\/2008\/07\/dscn3091.jpg 1024w\" sizes=\"auto, (max-width: 300px) 100vw, 300px\" \/><\/a><\/td>\n<\/tr>\n<tr>\n<td align=\"center\"><a href=\"https:\/\/www.agrupament.cat\/portal\/wp-content\/uploads\/2008\/07\/dscn3084.jpg\"><img loading=\"lazy\" decoding=\"async\" class=\"alignnone wp-image-478 size-medium\" title=\"Bucle de retorn\" src=\"https:\/\/www.agrupament.cat\/portal\/wp-content\/uploads\/2008\/07\/dscn3084-300x225.jpg\" alt=\"Hort de la masia Can Llobet\" width=\"300\" height=\"225\" srcset=\"https:\/\/www.agrupament.cat\/portal\/wp-content\/uploads\/2008\/07\/dscn3084-300x225.jpg 300w, https:\/\/www.agrupament.cat\/portal\/wp-content\/uploads\/2008\/07\/dscn3084.jpg 1024w\" sizes=\"auto, (max-width: 300px) 100vw, 300px\" \/><\/a><\/td>\n<td align=\"center\"><a href=\"https:\/\/www.agrupament.cat\/portal\/wp-content\/uploads\/2008\/07\/dscn1914.jpg\"><img loading=\"lazy\" decoding=\"async\" class=\"alignnone wp-image-474 size-medium\" title=\"Bucle de retorn\" src=\"https:\/\/www.agrupament.cat\/portal\/wp-content\/uploads\/2008\/07\/dscn1914-300x225.jpg\" alt=\"Masia de Can Llobet\" width=\"300\" height=\"225\" srcset=\"https:\/\/www.agrupament.cat\/portal\/wp-content\/uploads\/2008\/07\/dscn1914-300x225.jpg 300w, https:\/\/www.agrupament.cat\/portal\/wp-content\/uploads\/2008\/07\/dscn1914.jpg 1024w\" sizes=\"auto, (max-width: 300px) 100vw, 300px\" \/><\/a><\/td>\n<\/tr>\n<tr>\n<td align=\"center\"><a href=\"https:\/\/www.agrupament.cat\/portal\/wp-content\/uploads\/2008\/07\/dscn3092.jpg\"><img loading=\"lazy\" decoding=\"async\" class=\"alignnone wp-image-482 size-medium\" title=\"Bucle de retorn\" src=\"https:\/\/www.agrupament.cat\/portal\/wp-content\/uploads\/2008\/07\/dscn3092-300x225.jpg\" alt=\"Masia de Can Llobet\" width=\"300\" height=\"225\" srcset=\"https:\/\/www.agrupament.cat\/portal\/wp-content\/uploads\/2008\/07\/dscn3092-300x225.jpg 300w, https:\/\/www.agrupament.cat\/portal\/wp-content\/uploads\/2008\/07\/dscn3092.jpg 1024w\" sizes=\"auto, (max-width: 300px) 100vw, 300px\" \/><\/a><\/td>\n<td style=\"text-align: center;\"><a href=\"https:\/\/www.agrupament.cat\/portal\/wp-content\/uploads\/2008\/07\/dscn3090.jpg\"><img loading=\"lazy\" decoding=\"async\" class=\"alignnone wp-image-480 size-medium\" title=\"Bucle de retorn\" src=\"https:\/\/www.agrupament.cat\/portal\/wp-content\/uploads\/2008\/07\/dscn3090-225x300.jpg\" alt=\"Masia de Can Llobet\" width=\"225\" height=\"300\" srcset=\"https:\/\/www.agrupament.cat\/portal\/wp-content\/uploads\/2008\/07\/dscn3090-225x300.jpg 225w, https:\/\/www.agrupament.cat\/portal\/wp-content\/uploads\/2008\/07\/dscn3090.jpg 768w\" sizes=\"auto, (max-width: 225px) 100vw, 225px\" \/><\/a><\/td>\n<\/tr>\n<tr>\n<td align=\"center\"><\/td>\n<td align=\"center\"><\/td>\n<\/tr>\n<\/tbody>\n<\/table>\n<h2>El camp de blat<\/h2>\n<p>El camp de blat \u00e9s obra de l&#8217;Eugeni Coso, qui amb molt\u00edssima paci\u00e8ncia va anar posant un per un tots els bris de blat no segats del camp, fent despr\u00e9s la marca del cam\u00ed de la segadora.<\/p>\n<table style=\"text-align: center; width: 100%;\" border=\"0\">\n<tbody>\n<tr>\n<td align=\"center\"><a href=\"https:\/\/www.agrupament.cat\/portal\/wp-content\/uploads\/2008\/07\/dscn1032.jpg\"><img loading=\"lazy\" decoding=\"async\" class=\"alignnone wp-image-488 size-medium\" title=\"Bucle de retorn\" src=\"https:\/\/www.agrupament.cat\/portal\/wp-content\/uploads\/2008\/07\/dscn1032-300x225.jpg\" alt=\"El camp de blat\" width=\"300\" height=\"225\" srcset=\"https:\/\/www.agrupament.cat\/portal\/wp-content\/uploads\/2008\/07\/dscn1032-300x225.jpg 300w, https:\/\/www.agrupament.cat\/portal\/wp-content\/uploads\/2008\/07\/dscn1032.jpg 1024w\" sizes=\"auto, (max-width: 300px) 100vw, 300px\" \/><\/a><\/td>\n<td align=\"center\"><a href=\"https:\/\/www.agrupament.cat\/portal\/wp-content\/uploads\/2008\/07\/dscn1891.jpg\"><img loading=\"lazy\" decoding=\"async\" class=\"alignnone wp-image-494 size-medium\" title=\"Bucle de retorn\" src=\"https:\/\/www.agrupament.cat\/portal\/wp-content\/uploads\/2008\/07\/dscn1891-300x225.jpg\" alt=\"Camp de blat. Trobada de m\u00f2duls de Pallej\u00e0, 04\/04\/2008\" width=\"300\" height=\"225\" srcset=\"https:\/\/www.agrupament.cat\/portal\/wp-content\/uploads\/2008\/07\/dscn1891-300x225.jpg 300w, https:\/\/www.agrupament.cat\/portal\/wp-content\/uploads\/2008\/07\/dscn1891.jpg 1024w\" sizes=\"auto, (max-width: 300px) 100vw, 300px\" \/><\/a><\/td>\n<\/tr>\n<tr>\n<td align=\"center\"><a href=\"https:\/\/www.agrupament.cat\/portal\/wp-content\/uploads\/2008\/07\/dscn1004c.jpg\"><img loading=\"lazy\" decoding=\"async\" class=\"alignnone wp-image-495 size-medium\" title=\"Bucle de retorn\" src=\"https:\/\/www.agrupament.cat\/portal\/wp-content\/uploads\/2008\/07\/dscn1004c-300x225.jpg\" alt=\"El camp de blat\" width=\"300\" height=\"225\" srcset=\"https:\/\/www.agrupament.cat\/portal\/wp-content\/uploads\/2008\/07\/dscn1004c-300x225.jpg 300w, https:\/\/www.agrupament.cat\/portal\/wp-content\/uploads\/2008\/07\/dscn1004c.jpg 1024w\" sizes=\"auto, (max-width: 300px) 100vw, 300px\" \/><\/a><\/td>\n<td align=\"center\"><\/td>\n<\/tr>\n<\/tbody>\n<\/table>\n<h2>La variant d&#8217;entrada<\/h2>\n<p>Al seus inicis, el bucle de retorn disposava d&#8217;una corba d&#8217;entrada al m\u00f2dul for\u00e7a tancada, tot i que dins de la normativa. Seguint recomanacions de la FCAF, vam procedir a fer una variant de radi m\u00e9s gran, deixant la via original amb aspecte de des\u00fas i, per qu\u00e8 no, fent la variant amb un tipus de travessa m\u00e9s moderna: biblocs RS.<\/p>\n<table style=\"text-align: center; width: 100%;\" border=\"0\">\n<tbody>\n<tr>\n<td align=\"center\"><a href=\"https:\/\/www.agrupament.cat\/portal\/wp-content\/uploads\/2008\/07\/dscn1025.jpg\"><img loading=\"lazy\" decoding=\"async\" class=\"alignnone wp-image-483 size-medium\" title=\"Bucle de retorn\" src=\"https:\/\/www.agrupament.cat\/portal\/wp-content\/uploads\/2008\/07\/dscn1025-300x225.jpg\" alt=\"Variant\" width=\"300\" height=\"225\" srcset=\"https:\/\/www.agrupament.cat\/portal\/wp-content\/uploads\/2008\/07\/dscn1025-300x225.jpg 300w, https:\/\/www.agrupament.cat\/portal\/wp-content\/uploads\/2008\/07\/dscn1025.jpg 1024w\" sizes=\"auto, (max-width: 300px) 100vw, 300px\" \/><\/a><\/td>\n<td align=\"center\"><a href=\"https:\/\/www.agrupament.cat\/portal\/wp-content\/uploads\/2008\/07\/dscn0406.jpg\"><img loading=\"lazy\" decoding=\"async\" class=\"alignnone wp-image-493 size-medium\" title=\"Bucle de retorn\" src=\"https:\/\/www.agrupament.cat\/portal\/wp-content\/uploads\/2008\/07\/dscn0406-300x225.jpg\" alt=\"Travesses bibloc RS\" width=\"300\" height=\"225\" srcset=\"https:\/\/www.agrupament.cat\/portal\/wp-content\/uploads\/2008\/07\/dscn0406-300x225.jpg 300w, https:\/\/www.agrupament.cat\/portal\/wp-content\/uploads\/2008\/07\/dscn0406.jpg 1024w\" sizes=\"auto, (max-width: 300px) 100vw, 300px\" \/><\/a><\/td>\n<\/tr>\n<tr>\n<td align=\"center\"><a href=\"https:\/\/www.agrupament.cat\/portal\/wp-content\/uploads\/2008\/07\/dscn1031.jpg\"><img loading=\"lazy\" decoding=\"async\" class=\"alignnone wp-image-487 size-medium\" title=\"Bucle de retorn\" src=\"https:\/\/www.agrupament.cat\/portal\/wp-content\/uploads\/2008\/07\/dscn1031-225x300.jpg\" alt=\"Variant\" width=\"225\" height=\"300\" srcset=\"https:\/\/www.agrupament.cat\/portal\/wp-content\/uploads\/2008\/07\/dscn1031-225x300.jpg 225w, https:\/\/www.agrupament.cat\/portal\/wp-content\/uploads\/2008\/07\/dscn1031.jpg 768w\" sizes=\"auto, (max-width: 225px) 100vw, 225px\" \/><\/a><\/td>\n<td align=\"center\"><a href=\"https:\/\/www.agrupament.cat\/portal\/wp-content\/uploads\/2008\/07\/dscn1026.jpg\"><img loading=\"lazy\" decoding=\"async\" class=\"alignnone wp-image-484 size-medium\" title=\"Bucle de retorn\" src=\"https:\/\/www.agrupament.cat\/portal\/wp-content\/uploads\/2008\/07\/dscn1026-225x300.jpg\" alt=\"Variant\" width=\"225\" height=\"300\" srcset=\"https:\/\/www.agrupament.cat\/portal\/wp-content\/uploads\/2008\/07\/dscn1026-225x300.jpg 225w, https:\/\/www.agrupament.cat\/portal\/wp-content\/uploads\/2008\/07\/dscn1026.jpg 768w\" sizes=\"auto, (max-width: 225px) 100vw, 225px\" \/><\/a><\/td>\n<\/tr>\n<tr>\n<td align=\"center\"><a href=\"https:\/\/www.agrupament.cat\/portal\/wp-content\/uploads\/2008\/07\/dscn1008.jpg\"><img loading=\"lazy\" decoding=\"async\" class=\"alignnone wp-image-491 size-medium\" title=\"Bucle de retorn\" src=\"https:\/\/www.agrupament.cat\/portal\/wp-content\/uploads\/2008\/07\/dscn1008-300x225.jpg\" alt=\"L\\'entorn de la estaci\u00f3\" width=\"300\" height=\"225\" srcset=\"https:\/\/www.agrupament.cat\/portal\/wp-content\/uploads\/2008\/07\/dscn1008-300x225.jpg 300w, https:\/\/www.agrupament.cat\/portal\/wp-content\/uploads\/2008\/07\/dscn1008.jpg 1024w\" sizes=\"auto, (max-width: 300px) 100vw, 300px\" \/><\/a><\/td>\n<td align=\"center\"><a href=\"https:\/\/www.agrupament.cat\/portal\/wp-content\/uploads\/2008\/07\/dscn1010.jpg\"><img loading=\"lazy\" decoding=\"async\" class=\"alignnone wp-image-492 size-medium\" title=\"Bucle de retorn\" src=\"https:\/\/www.agrupament.cat\/portal\/wp-content\/uploads\/2008\/07\/dscn1010-300x225.jpg\" alt=\"L\\'entorn de la estaci\u00f3\" width=\"300\" height=\"225\" srcset=\"https:\/\/www.agrupament.cat\/portal\/wp-content\/uploads\/2008\/07\/dscn1010-300x225.jpg 300w, https:\/\/www.agrupament.cat\/portal\/wp-content\/uploads\/2008\/07\/dscn1010.jpg 1024w\" sizes=\"auto, (max-width: 300px) 100vw, 300px\" \/><\/a><\/td>\n<\/tr>\n<\/tbody>\n<\/table>\n","protected":false},"excerpt":{"rendered":"<p>El bucle de retorn va n\u00e9ixer amb la finalitat de permetre girar els trens complets a les trobades de m\u00f2duls<\/p>\n","protected":false},"author":1,"featured_media":0,"parent":462,"menu_order":1,"comment_status":"closed","ping_status":"closed","template":"","meta":{"footnotes":""},"class_list":["post-463","page","type-page","status-publish","hentry","comments-off"],"_links":{"self":[{"href":"https:\/\/www.agrupament.cat\/portal\/wp-json\/wp\/v2\/pages\/463","targetHints":{"allow":["GET"]}}],"collection":[{"href":"https:\/\/www.agrupament.cat\/portal\/wp-json\/wp\/v2\/pages"}],"about":[{"href":"https:\/\/www.agrupament.cat\/portal\/wp-json\/wp\/v2\/types\/page"}],"author":[{"embeddable":true,"href":"https:\/\/www.agrupament.cat\/portal\/wp-json\/wp\/v2\/users\/1"}],"replies":[{"embeddable":true,"href":"https:\/\/www.agrupament.cat\/portal\/wp-json\/wp\/v2\/comments?post=463"}],"version-history":[{"count":6,"href":"https:\/\/www.agrupament.cat\/portal\/wp-json\/wp\/v2\/pages\/463\/revisions"}],"predecessor-version":[{"id":35856,"href":"https:\/\/www.agrupament.cat\/portal\/wp-json\/wp\/v2\/pages\/463\/revisions\/35856"}],"up":[{"embeddable":true,"href":"https:\/\/www.agrupament.cat\/portal\/wp-json\/wp\/v2\/pages\/462"}],"wp:attachment":[{"href":"https:\/\/www.agrupament.cat\/portal\/wp-json\/wp\/v2\/media?parent=463"}],"curies":[{"name":"wp","href":"https:\/\/api.w.org\/{rel}","templated":true}]}}