{"id":38663,"date":"2024-10-27T20:02:10","date_gmt":"2024-10-27T19:02:10","guid":{"rendered":"https:\/\/www.agrupament.cat\/portal\/?page_id=38663"},"modified":"2024-10-30T12:37:30","modified_gmt":"2024-10-30T11:37:30","slug":"estacio-puigrodo","status":"publish","type":"page","link":"https:\/\/www.agrupament.cat\/portal\/les-maquetes\/estacio-puigrodo\/","title":{"rendered":"Estaci\u00f3 Puig-Rod\u00f3"},"content":{"rendered":"<p><a href=\"https:\/\/www.agrupament.cat\/portal\/wp-content\/uploads\/2024\/10\/IMG_20231002_182604.jpg\"><img loading=\"lazy\" decoding=\"async\" class=\"size-medium wp-image-38671 aligncenter\" src=\"https:\/\/www.agrupament.cat\/portal\/wp-content\/uploads\/2024\/10\/IMG_20231002_182604-300x226.jpg\" alt=\"\" width=\"300\" height=\"226\" srcset=\"https:\/\/www.agrupament.cat\/portal\/wp-content\/uploads\/2024\/10\/IMG_20231002_182604-300x226.jpg 300w, https:\/\/www.agrupament.cat\/portal\/wp-content\/uploads\/2024\/10\/IMG_20231002_182604-1024x772.jpg 1024w, https:\/\/www.agrupament.cat\/portal\/wp-content\/uploads\/2024\/10\/IMG_20231002_182604-768x579.jpg 768w, https:\/\/www.agrupament.cat\/portal\/wp-content\/uploads\/2024\/10\/IMG_20231002_182604-600x450.jpg 600w, https:\/\/www.agrupament.cat\/portal\/wp-content\/uploads\/2024\/10\/IMG_20231002_182604.jpg 1217w\" sizes=\"auto, (max-width: 300px) 100vw, 300px\" \/><\/a><\/p>\n<p align=\"JUSTIFY\">L&#8217;estaci\u00f3 de Puig-Rod\u00f3 formava part de la l\u00ednia de ferrocarril secundari de la Serra del Matagalls. Aquest ferrocarril enlla\u00e7ava l&#8217;explotaci\u00f3 forestal de la Serra del Matagalls fins la l\u00ednia general del ferrocarril de Barcelona a Fran\u00e7a.<\/p>\n<p align=\"JUSTIFY\">Aquest ferrocarril va iniciar els seus serveis a principis del segle vint i el transport principal era el suro, encara que tamb\u00e9 servia a diferents bodegues. Malgrat tot la seva explotaci\u00f3 mai va ser rendible fins als anys 20, que es va establir un balneari d&#8217;aig\u00fces termals prop de l&#8217;estaci\u00f3 de Matagalls, que va suposar un renaixement d&#8217;aquest ferrocarril secundari. Des d&#8217;aleshores el servei es far\u00e0 per medi de petits automotors.<\/p>\n<p align=\"JUSTIFY\">L&#8217;estaci\u00f3 de Puig-Rod\u00f3 es trobava pr\u00e0cticament al centre de la l\u00ednia i era aprofitada per fer l&#8217;encreuament dels trens ascendents i descendents que, juntament amb la proximitat de l&#8217;Ermita del Puig Rod\u00f3, va suposar un gran moviment de manera que al voltant de l&#8217;estaci\u00f3 va cr\u00e9ixer una important poblaci\u00f3.<\/p>\n<p align=\"JUSTIFY\">En el poble, a m\u00e9s de l&#8217;Ermita del Puig Rod\u00f3, trobem la interessant masia de Can Rustullet, la farm\u00e0cia de cal Mai Tanco i les cases de la Cooperativa Surera.<\/p>\n<p style=\"text-align: center;\" align=\"JUSTIFY\"><a href=\"https:\/\/www.agrupament.cat\/portal\/wp-content\/uploads\/2024\/10\/photo_6_2024-05-30_16-53-47.jpg\"><img loading=\"lazy\" decoding=\"async\" class=\"alignnone size-medium wp-image-38685\" src=\"https:\/\/www.agrupament.cat\/portal\/wp-content\/uploads\/2024\/10\/photo_6_2024-05-30_16-53-47-300x226.jpg\" alt=\"\" width=\"300\" height=\"226\" srcset=\"https:\/\/www.agrupament.cat\/portal\/wp-content\/uploads\/2024\/10\/photo_6_2024-05-30_16-53-47-300x226.jpg 300w, https:\/\/www.agrupament.cat\/portal\/wp-content\/uploads\/2024\/10\/photo_6_2024-05-30_16-53-47-1024x771.jpg 1024w, https:\/\/www.agrupament.cat\/portal\/wp-content\/uploads\/2024\/10\/photo_6_2024-05-30_16-53-47-768x578.jpg 768w, https:\/\/www.agrupament.cat\/portal\/wp-content\/uploads\/2024\/10\/photo_6_2024-05-30_16-53-47-600x450.jpg 600w, https:\/\/www.agrupament.cat\/portal\/wp-content\/uploads\/2024\/10\/photo_6_2024-05-30_16-53-47.jpg 1280w\" sizes=\"auto, (max-width: 300px) 100vw, 300px\" \/><\/a><\/p>\n<p align=\"JUSTIFY\">La circulaci\u00f3 ferrovi\u00e0ria es gestiona per medi d&#8217;un enclavament de panys Bour\u00e9 que permet realitzar l&#8217;encreuament dels trens d&#8217;una manera efica\u00e7 i segura.<\/p>\n<h2>L&#8217;enclavament Bour\u00e9<\/h2>\n<p><a href=\"https:\/\/www.agrupament.cat\/portal\/wp-content\/uploads\/2024\/10\/IMG_20231011_163146-scaled.jpg\"><img loading=\"lazy\" decoding=\"async\" class=\"size-medium wp-image-38672 aligncenter\" src=\"https:\/\/www.agrupament.cat\/portal\/wp-content\/uploads\/2024\/10\/IMG_20231011_163146-226x300.jpg\" alt=\"\" width=\"226\" height=\"300\" srcset=\"https:\/\/www.agrupament.cat\/portal\/wp-content\/uploads\/2024\/10\/IMG_20231011_163146-226x300.jpg 226w, https:\/\/www.agrupament.cat\/portal\/wp-content\/uploads\/2024\/10\/IMG_20231011_163146-771x1024.jpg 771w, https:\/\/www.agrupament.cat\/portal\/wp-content\/uploads\/2024\/10\/IMG_20231011_163146-768x1020.jpg 768w, https:\/\/www.agrupament.cat\/portal\/wp-content\/uploads\/2024\/10\/IMG_20231011_163146-1157x1536.jpg 1157w, https:\/\/www.agrupament.cat\/portal\/wp-content\/uploads\/2024\/10\/IMG_20231011_163146-1542x2048.jpg 1542w, https:\/\/www.agrupament.cat\/portal\/wp-content\/uploads\/2024\/10\/IMG_20231011_163146-scaled.jpg 1928w\" sizes=\"auto, (max-width: 226px) 100vw, 226px\" \/><\/a><\/p>\n<p align=\"JUSTIFY\">Els senyals i les agulles de les estacions han d&#8217;estar relacionades entre elles de manera que permetin fer diferents maniobres, i que no sigui possible establir una nova maniobra sense anul\u00b7lar la primera.<\/p>\n<p align=\"JUSTIFY\">A les grans estacions i punts de bifurcaci\u00f3 de diferents l\u00ednies \u00e9s habitual disposar d\u2019un sistema d\u2019enclavament mitjan\u00e7ant palanques centralitzades, per\u00f2 aquest sistema \u00e9s molt car per ser instal\u00b7lat en les estacions petites o secund\u00e0ries.<\/p>\n<p align=\"JUSTIFY\">L\u2019enginyer M. Bour\u00e9, inspector del ferrocarril de\u00a0Paris \u00e0 Lyon et \u00e0 la M\u00e9diterran\u00e9e, va desenvolupar un sistema de panys i claus relacionades entre elles de manera que es necessitava fer un combinaci\u00f3 concreta de claus per poder fer una maniobra.<\/p>\n<p style=\"text-align: center;\" align=\"JUSTIFY\"><a href=\"https:\/\/www.agrupament.cat\/portal\/wp-content\/uploads\/2024\/10\/Boure01.png\"><img loading=\"lazy\" decoding=\"async\" class=\"alignnone size-medium wp-image-38673\" src=\"https:\/\/www.agrupament.cat\/portal\/wp-content\/uploads\/2024\/10\/Boure01-300x94.png\" alt=\"\" width=\"300\" height=\"94\" srcset=\"https:\/\/www.agrupament.cat\/portal\/wp-content\/uploads\/2024\/10\/Boure01-300x94.png 300w, https:\/\/www.agrupament.cat\/portal\/wp-content\/uploads\/2024\/10\/Boure01.png 677w\" sizes=\"auto, (max-width: 300px) 100vw, 300px\" \/><\/a><\/p>\n<p align=\"JUSTIFY\">A l&#8217;estaci\u00f3 Puig-Rod\u00f3 he implementat un sistema de Claus Bour\u00e9 per mostrar, i ensenyar, com funciona aquests sistema d&#8217;enclavament d&#8217;una estaci\u00f3 senzilla.<\/p>\n<div id='gallery-1' class='gallery galleryid-38663 gallery-columns-2 gallery-size-medium'><figure class='gallery-item'>\n\t\t\t<div class='gallery-icon landscape'>\n\t\t\t\t<a href='https:\/\/www.agrupament.cat\/portal\/les-maquetes\/estacio-puigrodo\/img_20230321_194638\/'><img loading=\"lazy\" decoding=\"async\" width=\"300\" height=\"138\" src=\"https:\/\/www.agrupament.cat\/portal\/wp-content\/uploads\/2024\/10\/IMG_20230321_194638-300x138.jpg\" class=\"attachment-medium size-medium\" alt=\"\" srcset=\"https:\/\/www.agrupament.cat\/portal\/wp-content\/uploads\/2024\/10\/IMG_20230321_194638-300x138.jpg 300w, https:\/\/www.agrupament.cat\/portal\/wp-content\/uploads\/2024\/10\/IMG_20230321_194638.jpg 389w\" sizes=\"auto, (max-width: 300px) 100vw, 300px\" \/><\/a>\n\t\t\t<\/div><\/figure><figure class='gallery-item'>\n\t\t\t<div class='gallery-icon landscape'>\n\t\t\t\t<a href='https:\/\/www.agrupament.cat\/portal\/les-maquetes\/estacio-puigrodo\/img_20230321_194628\/'><img loading=\"lazy\" decoding=\"async\" width=\"300\" height=\"139\" src=\"https:\/\/www.agrupament.cat\/portal\/wp-content\/uploads\/2024\/10\/IMG_20230321_194628-300x139.jpg\" class=\"attachment-medium size-medium\" alt=\"\" srcset=\"https:\/\/www.agrupament.cat\/portal\/wp-content\/uploads\/2024\/10\/IMG_20230321_194628-300x139.jpg 300w, https:\/\/www.agrupament.cat\/portal\/wp-content\/uploads\/2024\/10\/IMG_20230321_194628-1024x473.jpg 1024w, https:\/\/www.agrupament.cat\/portal\/wp-content\/uploads\/2024\/10\/IMG_20230321_194628-768x355.jpg 768w, https:\/\/www.agrupament.cat\/portal\/wp-content\/uploads\/2024\/10\/IMG_20230321_194628-1536x710.jpg 1536w, https:\/\/www.agrupament.cat\/portal\/wp-content\/uploads\/2024\/10\/IMG_20230321_194628.jpg 1920w\" sizes=\"auto, (max-width: 300px) 100vw, 300px\" \/><\/a>\n\t\t\t<\/div><\/figure>\n\t\t<\/div>\n\n<hr \/>\n<h1 class=\"entry-title page-title\">Estaci\u00f3n Puig-Rod\u00f3<\/h1>\n<p lang=\"es-ES\" align=\"CENTER\"><a href=\"https:\/\/www.agrupament.cat\/portal\/wp-content\/uploads\/2024\/10\/photo_7_2024-05-30_16-52-29.jpg\"><img loading=\"lazy\" decoding=\"async\" class=\"alignnone size-medium wp-image-38686\" src=\"https:\/\/www.agrupament.cat\/portal\/wp-content\/uploads\/2024\/10\/photo_7_2024-05-30_16-52-29-300x226.jpg\" alt=\"\" width=\"300\" height=\"226\" srcset=\"https:\/\/www.agrupament.cat\/portal\/wp-content\/uploads\/2024\/10\/photo_7_2024-05-30_16-52-29-300x226.jpg 300w, https:\/\/www.agrupament.cat\/portal\/wp-content\/uploads\/2024\/10\/photo_7_2024-05-30_16-52-29-1024x771.jpg 1024w, https:\/\/www.agrupament.cat\/portal\/wp-content\/uploads\/2024\/10\/photo_7_2024-05-30_16-52-29-768x578.jpg 768w, https:\/\/www.agrupament.cat\/portal\/wp-content\/uploads\/2024\/10\/photo_7_2024-05-30_16-52-29-600x450.jpg 600w, https:\/\/www.agrupament.cat\/portal\/wp-content\/uploads\/2024\/10\/photo_7_2024-05-30_16-52-29.jpg 1280w\" sizes=\"auto, (max-width: 300px) 100vw, 300px\" \/><\/a><\/p>\n<p lang=\"es-ES\" align=\"JUSTIFY\">La estaci\u00f3n de Puig-Rod\u00f3 formaba parte de la l\u00ednea de ferrocarril secundario de la Serra del Matagalls. Este ferrocarril enlazaba la explotaci\u00f3n forestal de la Sierra del Matagalls hasta la l\u00ednea general del ferrocarril de Barcelona a Francia.<\/p>\n<p lang=\"es-ES\" align=\"JUSTIFY\">Este ferrocarril inici\u00f3 sus servicios a principio del siglo XX y el transporte principal era el corcho, aunque tambi\u00e9n serv\u00eda a diferentes bodegas. A pesar de todo, su explotaci\u00f3n nunca fue rentable hasta los a\u00f1os 20 en que se estableci\u00f3 un balneario de aguas termales cerca de la estaci\u00f3n de Matagalls lo que supuso un renacimiento de este ferrocarril secundario. Des de entonces el servicio se har\u00e1 por medio de peque\u00f1os automotores.<\/p>\n<p lang=\"es-ES\" align=\"JUSTIFY\">La estaci\u00f3n de Puig-Rod\u00f3 se encontraba pr\u00e1cticamente en el centro de la l\u00ednea y era aprovechada para hacer el cruce de los trenes ascendentes y descendentes que, junto con la proximidad de la Ermita del Puig Rod\u00f3, supuso un gran movimiento de manera que alrededor de la estaci\u00f3n va creci\u00f3 una importante poblaci\u00f3n.<\/p>\n<p lang=\"es-ES\" align=\"JUSTIFY\">En el pueblo, adem\u00e1s de la Ermita del Puig Rod\u00f3, encontramos la interesante mas\u00eda de Can Rustullet, la farmacia de Cal Mai Tanco y las casas de la cooperativa corchera.<\/p>\n<p lang=\"es-ES\" align=\"JUSTIFY\">La circulaci\u00f3n ferroviaria se gestiona por medio de un enclavamiento de cerraduras Boure que permite realizar el cruce de los trenes de una manera eficaz y segura.<\/p>\n<hr \/>\n<h1 class=\"entry-title page-title\">La Gare Puig-Rod\u00f3<\/h1>\n<p lang=\"es-ES\"><a href=\"https:\/\/www.agrupament.cat\/portal\/wp-content\/uploads\/2024\/10\/photo_6_2024-05-30_16-53-37.jpg\"><img loading=\"lazy\" decoding=\"async\" class=\"size-medium wp-image-38684 aligncenter\" src=\"https:\/\/www.agrupament.cat\/portal\/wp-content\/uploads\/2024\/10\/photo_6_2024-05-30_16-53-37-300x226.jpg\" alt=\"\" width=\"300\" height=\"226\" srcset=\"https:\/\/www.agrupament.cat\/portal\/wp-content\/uploads\/2024\/10\/photo_6_2024-05-30_16-53-37-300x226.jpg 300w, https:\/\/www.agrupament.cat\/portal\/wp-content\/uploads\/2024\/10\/photo_6_2024-05-30_16-53-37-1024x771.jpg 1024w, https:\/\/www.agrupament.cat\/portal\/wp-content\/uploads\/2024\/10\/photo_6_2024-05-30_16-53-37-768x578.jpg 768w, https:\/\/www.agrupament.cat\/portal\/wp-content\/uploads\/2024\/10\/photo_6_2024-05-30_16-53-37-600x450.jpg 600w, https:\/\/www.agrupament.cat\/portal\/wp-content\/uploads\/2024\/10\/photo_6_2024-05-30_16-53-37.jpg 1280w\" sizes=\"auto, (max-width: 300px) 100vw, 300px\" \/><\/a><\/p>\n<p lang=\"es-ES\" align=\"JUSTIFY\">La gare de Puig-Rod\u00f3 faisait partie de la ligne de chemin de fer secondaire de la Serra del Matagalls. Ce chemin de fer reliait l\u2019exploitation foresti\u00e8re de la Serra del Matagalls \u00e0 la ligne g\u00e9n\u00e9rale du chemin de fer de Barcelone \u00e0 la France.<\/p>\n<p align=\"JUSTIFY\">Ce chemin de fer a commenc\u00e9 ses services au d\u00e9but du XXe si\u00e8cle et le principal transport \u00e9tait le li\u00e8ge, bien qu\u2019il desservait \u00e9galement diff\u00e9rents \u00e9tablissements vinicoles. Malgr\u00e9 tout, son exploitation n\u2019a jamais \u00e9t\u00e9 rentable jusque dans les ann\u00e9es 20 lorsqu\u2019une station thermale a \u00e9t\u00e9 \u00e9tablie pr\u00e8s de la gare de Matagalls, ce qui signifiait une renaissance de ce chemin de fer secondaire. Depuis lors, le service sera assur\u00e9 par de petits v\u00e9hicules \u00e0 moteur.<\/p>\n<p align=\"JUSTIFY\">La gare de Puig-Rod\u00f3 \u00e9tait situ\u00e9e pratiquement au centre de la ligne et \u00e9tait utilis\u00e9e pour traverser les trains ascendants et descendants qui, avec la proximit\u00e9 de l\u2019ermitage Puig Rod\u00f3, repr\u00e9sentaient un grand mouvement de sorte qu\u2019une population importante a augment\u00e9 autour de la gare.<\/p>\n<p align=\"JUSTIFY\">Dans le village, en plus de l\u2019ermitage de Puig Rod\u00f3, nous trouvons l\u2019int\u00e9ressante ferme de Can Rustullet, la pharmacie de Cal Mai Tanco et les maisons de la coop\u00e9rative de li\u00e8ge.<\/p>\n<p lang=\"es-ES\" align=\"JUSTIFY\">Le trafic ferroviaire est g\u00e9r\u00e9 au moyen d\u2019un enclenchement des \u00e9cluses de Bour\u00e8 qui permet aux trains de traverser efficacement et en toute s\u00e9curit\u00e9.<\/p>\n<hr \/>\n<h1 class=\"entry-title page-title\">Esta\u00e7\u00e3o Puig-Rod\u00f3<\/h1>\n<p style=\"text-align: center;\"><a href=\"https:\/\/www.agrupament.cat\/portal\/wp-content\/uploads\/2024\/10\/photo_7_2024-05-30_16-53-37.jpg\"><img loading=\"lazy\" decoding=\"async\" class=\"alignnone size-medium wp-image-38687\" src=\"https:\/\/www.agrupament.cat\/portal\/wp-content\/uploads\/2024\/10\/photo_7_2024-05-30_16-53-37-300x226.jpg\" alt=\"\" width=\"300\" height=\"226\" srcset=\"https:\/\/www.agrupament.cat\/portal\/wp-content\/uploads\/2024\/10\/photo_7_2024-05-30_16-53-37-300x226.jpg 300w, https:\/\/www.agrupament.cat\/portal\/wp-content\/uploads\/2024\/10\/photo_7_2024-05-30_16-53-37-1024x771.jpg 1024w, https:\/\/www.agrupament.cat\/portal\/wp-content\/uploads\/2024\/10\/photo_7_2024-05-30_16-53-37-768x578.jpg 768w, https:\/\/www.agrupament.cat\/portal\/wp-content\/uploads\/2024\/10\/photo_7_2024-05-30_16-53-37-600x450.jpg 600w, https:\/\/www.agrupament.cat\/portal\/wp-content\/uploads\/2024\/10\/photo_7_2024-05-30_16-53-37.jpg 1280w\" sizes=\"auto, (max-width: 300px) 100vw, 300px\" \/><\/a><\/p>\n<p align=\"JUSTIFY\">A esta\u00e7\u00e3o Puig-Rod\u00f3 fazia parte da linha ferrovi\u00e1ria secund\u00e1ria da Serra del Matagalls. Esta ferrovia ligava a explora\u00e7\u00e3o florestal da Serra del Matagalls \u00e0 linha geral da ferrovia de Barcelona a Fran\u00e7a.<\/p>\n<p align=\"JUSTIFY\">Esta ferrovia iniciou os seus servi\u00e7os no in\u00edcio do s\u00e9culo XX e o principal transporte era a corti\u00e7a, embora tamb\u00e9m servisse diferentes adegas. Apesar de tudo, a sua explora\u00e7\u00e3o nunca foi rent\u00e1vel at\u00e9 aos anos 20, quando foi estabelecido um spa termal perto da esta\u00e7\u00e3o de Matagalls, o que significou um renascimento desta ferrovia secund\u00e1ria. Desde ent\u00e3o, o servi\u00e7o ser\u00e1 prestado por ve\u00edculos de pequeno porte.<\/p>\n<p align=\"JUSTIFY\">A esta\u00e7\u00e3o Puig-Rod\u00f3 localizava-se praticamente no centro da linha e era utilizada para atravessar os comboios ascendentes e descendentes que, juntamente com a proximidade da Ermida Puig Rod\u00f3, representavam um grande movimento para que uma popula\u00e7\u00e3o importante crescesse em torno da esta\u00e7\u00e3o.<\/p>\n<p align=\"JUSTIFY\">Na aldeia, al\u00e9m da Ermida de Puig Rod\u00f3, encontramos a interessante quinta de Can Rustullet, a farm\u00e1cia de Cal Mai Tanco e as casas da cooperativa de corti\u00e7a.<\/p>\n<p lang=\"es-ES\" align=\"JUSTIFY\">O tr\u00e1fego ferrovi\u00e1rio \u00e9 gerido atrav\u00e9s de um encravamento das eclusas de Bour\u00e8 que permite a travessia dos comboios de forma eficiente e segura.<\/p>\n<hr \/>\n<h1 class=\"entry-title page-title\">Stacidomo Puig-Rod\u00f3<\/h1>\n<p lang=\"es-ES\" align=\"JUSTIFY\">Puig-Rod\u00f3-stacio estis parto de la sekundara fervoja linio de la Serra del Matagalls. Tiu fervojo ligis la forstado de la Serra del Matagalls al la ?enerala linio de la fervojo de Barcelono ?is Francio.<\/p>\n<p lang=\"es-ES\" align=\"JUSTIFY\">Tiu fervojo komencis siajn servojn komence de la dudeka jarcento kaj la ?efa transporto estis korko, kvankam ?i anka? servis malsamajn vinfarejojn. Malgra? ?io, ?ia funkciado neniam estis enspeziga ?is la 1920-aj jaroj, kiam apud la stacidomo Matagalls estis starigita banurbo de termikaj, kio signifis revigli?on de tiu sekundara fervojo. Ekde tiam la servo efektivi?os per malgrandaj a?toj.<\/p>\n<p lang=\"es-ES\" align=\"JUSTIFY\">La stacio Puig-Rod\u00f3 estis praktike en la centro de la linio kaj estis uzata por fari la transirejon de suprenirantaj kaj malsuprenirantaj trajnoj kiuj, kune kun la proksimeco de la Ermitejo de Puig Rod\u00f3, signifis grandan movadon tiel ke grava lo?antaro kreskis ?irka? la stacio.<\/p>\n<p align=\"JUSTIFY\"><span lang=\"es-ES\">En la vila?o, krom la Ermita del Puig Rod\u00f3, ni trovas la interesan farmdomon de Can Rustullet, la apotekon Mai Tanco cal kaj la domojn de la Kooperativo Surera.<\/span><\/p>\n<p align=\"JUSTIFY\">Fervoja trafiko estas administrita per interligado de Boure-kluzoj kiu permesas al trajnoj transiri en efika kaj sekura maniero.<\/p>\n<hr \/>\n<p><a href=\"https:\/\/www.agrupament.cat\/portal\/wp-content\/uploads\/2024\/10\/Puigrodo02.jpg\"><img loading=\"lazy\" decoding=\"async\" class=\"aligncenter wp-image-38709 size-large\" src=\"https:\/\/www.agrupament.cat\/portal\/wp-content\/uploads\/2024\/10\/Puigrodo02-1024x362.jpg\" alt=\"\" width=\"910\" height=\"322\" srcset=\"https:\/\/www.agrupament.cat\/portal\/wp-content\/uploads\/2024\/10\/Puigrodo02-1024x362.jpg 1024w, https:\/\/www.agrupament.cat\/portal\/wp-content\/uploads\/2024\/10\/Puigrodo02-300x106.jpg 300w, https:\/\/www.agrupament.cat\/portal\/wp-content\/uploads\/2024\/10\/Puigrodo02-768x272.jpg 768w, https:\/\/www.agrupament.cat\/portal\/wp-content\/uploads\/2024\/10\/Puigrodo02-1536x543.jpg 1536w, https:\/\/www.agrupament.cat\/portal\/wp-content\/uploads\/2024\/10\/Puigrodo02.jpg 1600w\" sizes=\"auto, (max-width: 910px) 100vw, 910px\" \/><\/a><\/p>\n<h2>La part T\u00e8cnica<\/h2>\n<p><a href=\"https:\/\/www.agrupament.cat\/portal\/wp-content\/uploads\/2024\/10\/Boure01.jpg\"><img loading=\"lazy\" decoding=\"async\" class=\"size-full wp-image-38694 aligncenter\" src=\"https:\/\/www.agrupament.cat\/portal\/wp-content\/uploads\/2024\/10\/Boure01.jpg\" alt=\"\" width=\"259\" height=\"154\" \/><\/a><\/p>\n<h3 lang=\"es-ES\" style=\"text-align: center;\" align=\"JUSTIFY\">\u00a0 <a href=\"https:\/\/www.agrupament.cat\/portal\/wp-content\/uploads\/2024\/10\/IMG_20230227_192429.jpg\"><img loading=\"lazy\" decoding=\"async\" class=\"alignnone size-medium wp-image-38695\" src=\"https:\/\/www.agrupament.cat\/portal\/wp-content\/uploads\/2024\/10\/IMG_20230227_192429-300x207.jpg\" alt=\"\" width=\"300\" height=\"207\" srcset=\"https:\/\/www.agrupament.cat\/portal\/wp-content\/uploads\/2024\/10\/IMG_20230227_192429-300x207.jpg 300w, https:\/\/www.agrupament.cat\/portal\/wp-content\/uploads\/2024\/10\/IMG_20230227_192429-1024x705.jpg 1024w, https:\/\/www.agrupament.cat\/portal\/wp-content\/uploads\/2024\/10\/IMG_20230227_192429-768x529.jpg 768w, https:\/\/www.agrupament.cat\/portal\/wp-content\/uploads\/2024\/10\/IMG_20230227_192429.jpg 1342w\" sizes=\"auto, (max-width: 300px) 100vw, 300px\" \/><\/a><\/h3>\n<p style=\"text-align: center;\"><a href=\"https:\/\/www.agrupament.cat\/portal\/wp-content\/uploads\/2024\/10\/Boure-03.jpg\"><img loading=\"lazy\" decoding=\"async\" class=\"alignnone size-medium wp-image-38693\" src=\"https:\/\/www.agrupament.cat\/portal\/wp-content\/uploads\/2024\/10\/Boure-03-300x179.jpg\" alt=\"\" width=\"300\" height=\"179\" srcset=\"https:\/\/www.agrupament.cat\/portal\/wp-content\/uploads\/2024\/10\/Boure-03-300x179.jpg 300w, https:\/\/www.agrupament.cat\/portal\/wp-content\/uploads\/2024\/10\/Boure-03.jpg 511w\" sizes=\"auto, (max-width: 300px) 100vw, 300px\" \/><\/a><\/p>\n<div id='gallery-2' class='gallery galleryid-38663 gallery-columns-2 gallery-size-medium'><figure class='gallery-item'>\n\t\t\t<div class='gallery-icon landscape'>\n\t\t\t\t<a href='https:\/\/www.agrupament.cat\/portal\/les-maquetes\/estacio-puigrodo\/img_20230711_121733\/'><img loading=\"lazy\" decoding=\"async\" width=\"300\" height=\"226\" src=\"https:\/\/www.agrupament.cat\/portal\/wp-content\/uploads\/2024\/10\/IMG_20230711_121733-300x226.jpg\" class=\"attachment-medium size-medium\" alt=\"\" srcset=\"https:\/\/www.agrupament.cat\/portal\/wp-content\/uploads\/2024\/10\/IMG_20230711_121733-300x226.jpg 300w, https:\/\/www.agrupament.cat\/portal\/wp-content\/uploads\/2024\/10\/IMG_20230711_121733-1024x771.jpg 1024w, https:\/\/www.agrupament.cat\/portal\/wp-content\/uploads\/2024\/10\/IMG_20230711_121733-768x578.jpg 768w, https:\/\/www.agrupament.cat\/portal\/wp-content\/uploads\/2024\/10\/IMG_20230711_121733-1536x1157.jpg 1536w, https:\/\/www.agrupament.cat\/portal\/wp-content\/uploads\/2024\/10\/IMG_20230711_121733-2048x1542.jpg 2048w, https:\/\/www.agrupament.cat\/portal\/wp-content\/uploads\/2024\/10\/IMG_20230711_121733-600x450.jpg 600w\" sizes=\"auto, (max-width: 300px) 100vw, 300px\" \/><\/a>\n\t\t\t<\/div><\/figure><figure class='gallery-item'>\n\t\t\t<div class='gallery-icon landscape'>\n\t\t\t\t<a href='https:\/\/www.agrupament.cat\/portal\/les-maquetes\/estacio-puigrodo\/attachment\/121843\/'><img loading=\"lazy\" decoding=\"async\" width=\"300\" height=\"226\" src=\"https:\/\/www.agrupament.cat\/portal\/wp-content\/uploads\/2024\/10\/121843-300x226.jpg\" class=\"attachment-medium size-medium\" alt=\"\" srcset=\"https:\/\/www.agrupament.cat\/portal\/wp-content\/uploads\/2024\/10\/121843-300x226.jpg 300w, https:\/\/www.agrupament.cat\/portal\/wp-content\/uploads\/2024\/10\/121843-1024x771.jpg 1024w, https:\/\/www.agrupament.cat\/portal\/wp-content\/uploads\/2024\/10\/121843-768x578.jpg 768w, https:\/\/www.agrupament.cat\/portal\/wp-content\/uploads\/2024\/10\/121843-1536x1157.jpg 1536w, https:\/\/www.agrupament.cat\/portal\/wp-content\/uploads\/2024\/10\/121843-2048x1542.jpg 2048w, https:\/\/www.agrupament.cat\/portal\/wp-content\/uploads\/2024\/10\/121843-600x450.jpg 600w\" sizes=\"auto, (max-width: 300px) 100vw, 300px\" \/><\/a>\n\t\t\t<\/div><\/figure><figure class='gallery-item'>\n\t\t\t<div class='gallery-icon landscape'>\n\t\t\t\t<a href='https:\/\/www.agrupament.cat\/portal\/les-maquetes\/estacio-puigrodo\/attachment\/03526\/'><img loading=\"lazy\" decoding=\"async\" width=\"300\" height=\"226\" src=\"https:\/\/www.agrupament.cat\/portal\/wp-content\/uploads\/2024\/10\/03526-300x226.jpg\" class=\"attachment-medium size-medium\" alt=\"\" srcset=\"https:\/\/www.agrupament.cat\/portal\/wp-content\/uploads\/2024\/10\/03526-300x226.jpg 300w, https:\/\/www.agrupament.cat\/portal\/wp-content\/uploads\/2024\/10\/03526-1024x771.jpg 1024w, https:\/\/www.agrupament.cat\/portal\/wp-content\/uploads\/2024\/10\/03526-768x578.jpg 768w, https:\/\/www.agrupament.cat\/portal\/wp-content\/uploads\/2024\/10\/03526-1536x1157.jpg 1536w, https:\/\/www.agrupament.cat\/portal\/wp-content\/uploads\/2024\/10\/03526-2048x1542.jpg 2048w, https:\/\/www.agrupament.cat\/portal\/wp-content\/uploads\/2024\/10\/03526-600x450.jpg 600w\" sizes=\"auto, (max-width: 300px) 100vw, 300px\" \/><\/a>\n\t\t\t<\/div><\/figure><figure class='gallery-item'>\n\t\t\t<div class='gallery-icon landscape'>\n\t\t\t\t<a href='https:\/\/www.agrupament.cat\/portal\/les-maquetes\/estacio-puigrodo\/attachment\/215624\/'><img loading=\"lazy\" decoding=\"async\" width=\"300\" height=\"226\" src=\"https:\/\/www.agrupament.cat\/portal\/wp-content\/uploads\/2024\/10\/215624-300x226.jpg\" class=\"attachment-medium size-medium\" alt=\"\" srcset=\"https:\/\/www.agrupament.cat\/portal\/wp-content\/uploads\/2024\/10\/215624-300x226.jpg 300w, https:\/\/www.agrupament.cat\/portal\/wp-content\/uploads\/2024\/10\/215624-1024x771.jpg 1024w, https:\/\/www.agrupament.cat\/portal\/wp-content\/uploads\/2024\/10\/215624-768x578.jpg 768w, https:\/\/www.agrupament.cat\/portal\/wp-content\/uploads\/2024\/10\/215624-1536x1157.jpg 1536w, https:\/\/www.agrupament.cat\/portal\/wp-content\/uploads\/2024\/10\/215624-2048x1542.jpg 2048w, https:\/\/www.agrupament.cat\/portal\/wp-content\/uploads\/2024\/10\/215624-600x450.jpg 600w\" sizes=\"auto, (max-width: 300px) 100vw, 300px\" \/><\/a>\n\t\t\t<\/div><\/figure>\n\t\t<\/div>\n\n<p>&nbsp;<\/p>\n","protected":false},"excerpt":{"rendered":"<p>L&#8217;estaci\u00f3 de Puig-Rod\u00f3 formava part de la l\u00ednia de ferrocarril secundari de la Serra del Matagalls. Aquest ferrocarril enlla\u00e7ava l&#8217;explotaci\u00f3<\/p>\n","protected":false},"author":2,"featured_media":38708,"parent":462,"menu_order":0,"comment_status":"closed","ping_status":"closed","template":"","meta":{"footnotes":""},"class_list":["post-38663","page","type-page","status-publish","has-post-thumbnail","hentry","comments-off"],"_links":{"self":[{"href":"https:\/\/www.agrupament.cat\/portal\/wp-json\/wp\/v2\/pages\/38663","targetHints":{"allow":["GET"]}}],"collection":[{"href":"https:\/\/www.agrupament.cat\/portal\/wp-json\/wp\/v2\/pages"}],"about":[{"href":"https:\/\/www.agrupament.cat\/portal\/wp-json\/wp\/v2\/types\/page"}],"author":[{"embeddable":true,"href":"https:\/\/www.agrupament.cat\/portal\/wp-json\/wp\/v2\/users\/2"}],"replies":[{"embeddable":true,"href":"https:\/\/www.agrupament.cat\/portal\/wp-json\/wp\/v2\/comments?post=38663"}],"version-history":[{"count":14,"href":"https:\/\/www.agrupament.cat\/portal\/wp-json\/wp\/v2\/pages\/38663\/revisions"}],"predecessor-version":[{"id":38704,"href":"https:\/\/www.agrupament.cat\/portal\/wp-json\/wp\/v2\/pages\/38663\/revisions\/38704"}],"up":[{"embeddable":true,"href":"https:\/\/www.agrupament.cat\/portal\/wp-json\/wp\/v2\/pages\/462"}],"wp:featuredmedia":[{"embeddable":true,"href":"https:\/\/www.agrupament.cat\/portal\/wp-json\/wp\/v2\/media\/38708"}],"wp:attachment":[{"href":"https:\/\/www.agrupament.cat\/portal\/wp-json\/wp\/v2\/media?parent=38663"}],"curies":[{"name":"wp","href":"https:\/\/api.w.org\/{rel}","templated":true}]}}