{"id":28,"date":"2006-10-21T18:56:11","date_gmt":"2006-10-21T17:56:11","guid":{"rendered":"http:\/\/www.agrupament.cat\/portal\/?page_id=28"},"modified":"2020-04-21T20:26:06","modified_gmt":"2020-04-21T18:26:06","slug":"documentacio","status":"publish","type":"page","link":"https:\/\/www.agrupament.cat\/portal\/documentacio\/","title":{"rendered":"Documentaci\u00f3"},"content":{"rendered":"<p>La biblioteca digital de l&#8217;Agrupament cont\u00e9 diferents tipologies d&#8217;objectes digitals:<\/p>\n<table>\n<tbody>\n<tr>\n<td>\n<h2><a href=\"\/portal\/documentacio\/biblioteca-digital-planols\/\">Pl\u00e0nols<\/a><\/h2>\n<\/td>\n<td>\u00c9s un \u00e0rea que cont\u00e9 diferents pl\u00e0nols que l&#8217;associaci\u00f3 t\u00e9 en format paper, i que de mica en mica anem digitalitzant per a que estiguin disponibles<\/td>\n<td>\n<h2><a href=\"\/portal\/documentacio\/biblioteca-digital-planols\/\"><img loading=\"lazy\" decoding=\"async\" class=\"wp-image-29766 aligncenter\" src=\"http:\/\/www.agrupament.cat\/portal\/wp-content\/uploads\/2020\/03\/PL0245-Thumb.jpg\" alt=\"\" width=\"150\" height=\"110\" srcset=\"https:\/\/www.agrupament.cat\/portal\/wp-content\/uploads\/2020\/03\/PL0245-Thumb.jpg 409w, https:\/\/www.agrupament.cat\/portal\/wp-content\/uploads\/2020\/03\/PL0245-Thumb-300x220.jpg 300w\" sizes=\"auto, (max-width: 150px) 100vw, 150px\" \/><\/a><\/h2>\n<\/td>\n<\/tr>\n<tr>\n<td>\n<h2><a href=\"\/portal\/biblioteca-digital-fons-digital\/\">Fons digital<\/a><\/h2>\n<\/td>\n<td>\u00c9s un \u00e0rea a on s&#8217;agrupen diferents objectes en format digital (fonamentalment PDF) que l&#8217;associaci\u00f3 t\u00e9 o ha digitalitzat dels seus fons, i que exposem per a la seva consulta.<\/td>\n<td>\n<h2><a href=\"\/portal\/biblioteca-digital-fons-digital\/\"><img loading=\"lazy\" decoding=\"async\" class=\"aligncenter wp-image-29767\" src=\"http:\/\/www.agrupament.cat\/portal\/wp-content\/uploads\/2020\/03\/Plan-Thumb.jpg\" alt=\"\" width=\"106\" height=\"150\" \/><\/a><\/h2>\n<\/td>\n<\/tr>\n<tr>\n<td>\n<h2><a href=\"\/portal\/biblioteca-digital-publicacions\/\">Publicacions<\/a><\/h2>\n<\/td>\n<td>\u00c9s un \u00e0rea a on posem a disposici\u00f3 aquelles publicacions fetes per socis de l&#8217;associaci\u00f3, sota llic\u00e8ncia Creative Commons.<\/td>\n<td>\n<h2><a href=\"\/portal\/biblioteca-digital-publicacions\/\"><img loading=\"lazy\" decoding=\"async\" class=\"wp-image-29765 aligncenter\" src=\"http:\/\/www.agrupament.cat\/portal\/wp-content\/uploads\/2020\/03\/AFB011H_Thumb.jpg\" alt=\"\" width=\"106\" height=\"150\" \/><\/a><\/h2>\n<\/td>\n<\/tr>\n<tr>\n<td>\n<h2><a href=\"\/portal\/category\/articles\/\">Articles<\/a><\/h2>\n<\/td>\n<td>\u00c9s una selecci\u00f3 de publicacions de la web que contenen petits articles de tem\u00e0tica ferrovi\u00e0ria redactats per socis de l&#8217;associaci\u00f3.<\/td>\n<td><a href=\"\/portal\/category\/articles\/\"><img loading=\"lazy\" decoding=\"async\" class=\"aligncenter wp-image-30085\" src=\"https:\/\/www.agrupament.cat\/portal\/wp-content\/uploads\/2020\/04\/articles.jpg\" alt=\"\" width=\"97\" height=\"150\" \/><\/a><\/td>\n<\/tr>\n<\/tbody>\n<\/table>\n","protected":false},"excerpt":{"rendered":"<p>La biblioteca digital de l&#8217;Agrupament cont\u00e9 diferents tipologies d&#8217;objectes digitals: Pl\u00e0nols \u00c9s un \u00e0rea que cont\u00e9 diferents pl\u00e0nols que l&#8217;associaci\u00f3<\/p>\n","protected":false},"author":2,"featured_media":0,"parent":0,"menu_order":2,"comment_status":"closed","ping_status":"open","template":"","meta":{"footnotes":""},"class_list":["post-28","page","type-page","status-publish","hentry","comments-off"],"_links":{"self":[{"href":"https:\/\/www.agrupament.cat\/portal\/wp-json\/wp\/v2\/pages\/28","targetHints":{"allow":["GET"]}}],"collection":[{"href":"https:\/\/www.agrupament.cat\/portal\/wp-json\/wp\/v2\/pages"}],"about":[{"href":"https:\/\/www.agrupament.cat\/portal\/wp-json\/wp\/v2\/types\/page"}],"author":[{"embeddable":true,"href":"https:\/\/www.agrupament.cat\/portal\/wp-json\/wp\/v2\/users\/2"}],"replies":[{"embeddable":true,"href":"https:\/\/www.agrupament.cat\/portal\/wp-json\/wp\/v2\/comments?post=28"}],"version-history":[{"count":7,"href":"https:\/\/www.agrupament.cat\/portal\/wp-json\/wp\/v2\/pages\/28\/revisions"}],"predecessor-version":[{"id":30098,"href":"https:\/\/www.agrupament.cat\/portal\/wp-json\/wp\/v2\/pages\/28\/revisions\/30098"}],"wp:attachment":[{"href":"https:\/\/www.agrupament.cat\/portal\/wp-json\/wp\/v2\/media?parent=28"}],"curies":[{"name":"wp","href":"https:\/\/api.w.org\/{rel}","templated":true}]}}