{"id":27848,"date":"2019-04-18T14:59:22","date_gmt":"2019-04-18T13:59:22","guid":{"rendered":"http:\/\/www.agrupament.cat\/portal\/?page_id=27848"},"modified":"2024-03-07T22:24:03","modified_gmt":"2024-03-07T21:24:03","slug":"informacio-per-escoles-instituts","status":"publish","type":"page","link":"https:\/\/www.agrupament.cat\/portal\/informacio-per-escoles-instituts\/","title":{"rendered":"Informaci\u00f3 per a Escoles \/ Instituts"},"content":{"rendered":"<p>Sota l\u2019ep\u00edgraf d\u2019escoles \/ instituts, tenen cabuda aquells col\u00b7lectius que realitzen tasques d\u2019ensenyament a alumnes de diferents cicles, com: <strong>educaci\u00f3 infantil, educaci\u00f3 prim\u00e0ria, educaci\u00f3 secund\u00e0ria obligat\u00f2ria, batxillerat, formaci\u00f3 professional, arts pl\u00e0stiques, educaci\u00f3 d&#8217;adults, i tots aquells que estiguin interessats en el ferrocarril i el seu entorn<\/strong>, i que al mateix temps desitgin fer treballs o visitar la nostre associaci\u00f3 amb motiu de ampliar el seus coneixements en el mon ferroviari.<\/p>\n<p>Per realitzar una visita en horari lectiu de l\u2019escola o institut caldr\u00e0 adre\u00e7ar un correu electr\u00f2nic a la seg\u00fcent adre\u00e7a: <strong><span style=\"color: #008000;\"><a href=\"mailto:agrupament@agrupament.cat\"><span style=\"text-decoration: underline;\"><span style=\"color: #0000ff; text-decoration: underline;\">agrupament@agrupament.cat<\/span><\/span><\/a>.<\/span><\/strong>, especificant els seg\u00fcents requisits.<br \/>\n&#8211; Nom del Centre Educatiu<br \/>\n&#8211; Adre\u00e7a postal<br \/>\n&#8211; Tel\u00e8fon del centre educatiu<br \/>\n&#8211; Adre\u00e7a de correu electr\u00f2nic del centre educatiu<br \/>\n&#8211; Persona de contacte<br \/>\n&#8211; Tel\u00e8fon de contacte<br \/>\n&#8211; Adre\u00e7a de correu electr\u00f2nic de la persona de contacte<br \/>\n&#8211; Numero de monitors \/ mestres \/ educadors, que assistiran a la visita<br \/>\n&#8211; Numero d\u2019alumnes que assistiran a la visita<br \/>\n&#8211; Edat dels alumnes<br \/>\n&#8211; Tipus de xarrada (referent al ferrocarril, modelisme, etc)<br \/>\nUna vegada rebut aquest correu, es procedir\u00e0 al seu estudi per part dels membres d\u2019aquesta associaci\u00f3, facilitant a continuaci\u00f3 el dia i l\u2019hora de la visita, que ser\u00e0 confirmat per la nostre entitat mitjan\u00e7ant correu electr\u00f2nic a la persona de contacte amb copia al centre educatiu.<\/p>\n<p>Les visites sempre es realitzaran en horari lectiu de l\u2019escola, preferentment al mati (a partir de les 10,00 hores), i mai interrompran les diferents tasques que realitza aquesta associaci\u00f3 amb els seus membres.<\/p>\n<p>Aquells centres educatius del Districte Municipal de Sant Andreu &#8211; Ajuntament de Barcelona, que estiguin interessats i desitgin realitzar M\u00d2DULS JUNIOR, segons la normativa de la <a href=\"https:\/\/www.fcaf.cat\/\"><strong>FCAF<\/strong><\/a> (Federaci\u00f3 Catalana d&#8217;Amics del Ferrocarril), poden comptar amb l\u2019assessorament i ajuda dels membres de l\u2019Agrupament Ferroviari de Barcelona.<\/p>\n<p>Aquests m\u00f2duls seran propietat del Centre Educatiu, podran participar i ser exposats a les diferents trobades modulars (segons les normes establertes per els organitzadors) en la que participi la <span style=\"color: #750c0c;\"><a style=\"color: #750c0c;\" href=\"https:\/\/www.fcaf.cat\/\"><strong>FCAF<\/strong><\/a><\/span> i sota la tutela de l&#8217;AFB.<br \/>\n<span style=\"color: #ff0000;\"><strong><a style=\"color: #ff0000;\" href=\"http:\/\/www.fcaf.cat\/portal\/wp-content\/uploads\/2006\/02\/20170526-V-1-REGLAMENT-DE-CONSTRUCCI\u00d3-DEL-M\u00d2DUL-J\u00daNIOR.pdf\">&#8211; Construcci\u00f3 del M\u00f2dul Junior<\/a><\/strong><\/span><br \/>\n<a href=\"http:\/\/www.fcaf.cat\/portal\/wp-content\/uploads\/2006\/02\/20170526-V-1-PROC\u00c9S-CONSTRUCTIU.pdf\"><span style=\"color: #ff0000;\"><strong>&#8211; Proc\u00e9s de construcci\u00f3 del M\u00f2dul Junior<\/strong><\/span><\/a><\/p>\n","protected":false},"excerpt":{"rendered":"<p>Sota l\u2019ep\u00edgraf d\u2019escoles \/ instituts, tenen cabuda aquells col\u00b7lectius que realitzen tasques d\u2019ensenyament a alumnes de diferents cicles, com: educaci\u00f3<\/p>\n","protected":false},"author":4,"featured_media":0,"parent":0,"menu_order":0,"comment_status":"closed","ping_status":"closed","template":"","meta":{"footnotes":""},"class_list":["post-27848","page","type-page","status-publish","hentry","comments-off"],"_links":{"self":[{"href":"https:\/\/www.agrupament.cat\/portal\/wp-json\/wp\/v2\/pages\/27848","targetHints":{"allow":["GET"]}}],"collection":[{"href":"https:\/\/www.agrupament.cat\/portal\/wp-json\/wp\/v2\/pages"}],"about":[{"href":"https:\/\/www.agrupament.cat\/portal\/wp-json\/wp\/v2\/types\/page"}],"author":[{"embeddable":true,"href":"https:\/\/www.agrupament.cat\/portal\/wp-json\/wp\/v2\/users\/4"}],"replies":[{"embeddable":true,"href":"https:\/\/www.agrupament.cat\/portal\/wp-json\/wp\/v2\/comments?post=27848"}],"version-history":[{"count":10,"href":"https:\/\/www.agrupament.cat\/portal\/wp-json\/wp\/v2\/pages\/27848\/revisions"}],"predecessor-version":[{"id":37938,"href":"https:\/\/www.agrupament.cat\/portal\/wp-json\/wp\/v2\/pages\/27848\/revisions\/37938"}],"wp:attachment":[{"href":"https:\/\/www.agrupament.cat\/portal\/wp-json\/wp\/v2\/media?parent=27848"}],"curies":[{"name":"wp","href":"https:\/\/api.w.org\/{rel}","templated":true}]}}