{"id":26946,"date":"2018-10-07T18:04:46","date_gmt":"2018-10-07T17:04:46","guid":{"rendered":"http:\/\/www.agrupament.cat\/portal\/?page_id=26946"},"modified":"2022-12-12T22:17:54","modified_gmt":"2022-12-12T21:17:54","slug":"garraf","status":"publish","type":"page","link":"https:\/\/www.agrupament.cat\/portal\/les-maquetes\/garraf\/","title":{"rendered":"Garraf"},"content":{"rendered":"<p>Aquest conjunt de quatre m\u00f2duls \u00e9s una reproducci\u00f3 a escala 1\/87 d&#8217;un tram de les Costes de Garraf.<\/p>\n<p><a href=\"http:\/\/www.agrupament.cat\/portal\/wp-content\/uploads\/2018\/10\/12764719_1126366364054095_8498783752766228507_o.jpg\"><img loading=\"lazy\" decoding=\"async\" class=\"aligncenter wp-image-26969 size-large\" src=\"http:\/\/www.agrupament.cat\/portal\/wp-content\/uploads\/2018\/10\/12764719_1126366364054095_8498783752766228507_o-1024x576.jpg\" alt=\"Garraf\" width=\"1024\" height=\"576\" srcset=\"https:\/\/www.agrupament.cat\/portal\/wp-content\/uploads\/2018\/10\/12764719_1126366364054095_8498783752766228507_o-1024x576.jpg 1024w, https:\/\/www.agrupament.cat\/portal\/wp-content\/uploads\/2018\/10\/12764719_1126366364054095_8498783752766228507_o-300x169.jpg 300w, https:\/\/www.agrupament.cat\/portal\/wp-content\/uploads\/2018\/10\/12764719_1126366364054095_8498783752766228507_o-768x432.jpg 768w, https:\/\/www.agrupament.cat\/portal\/wp-content\/uploads\/2018\/10\/12764719_1126366364054095_8498783752766228507_o-350x197.jpg 350w, https:\/\/www.agrupament.cat\/portal\/wp-content\/uploads\/2018\/10\/12764719_1126366364054095_8498783752766228507_o.jpg 1300w\" sizes=\"auto, (max-width: 1024px) 100vw, 1024px\" \/><\/a><\/p>\n<p>Aquest tram es troba a la sortida de Sitges en direcci\u00f3 Barcelona.<\/p>\n<p><a href=\"http:\/\/www.agrupament.cat\/portal\/wp-content\/uploads\/2018\/10\/12747317_1123272644363467_6907437481221260139_o.jpg\"><img loading=\"lazy\" decoding=\"async\" class=\"aligncenter wp-image-26970 size-full\" src=\"http:\/\/www.agrupament.cat\/portal\/wp-content\/uploads\/2018\/10\/12747317_1123272644363467_6907437481221260139_o.jpg\" alt=\"Garraf\" width=\"975\" height=\"549\" srcset=\"https:\/\/www.agrupament.cat\/portal\/wp-content\/uploads\/2018\/10\/12747317_1123272644363467_6907437481221260139_o.jpg 975w, https:\/\/www.agrupament.cat\/portal\/wp-content\/uploads\/2018\/10\/12747317_1123272644363467_6907437481221260139_o-300x169.jpg 300w, https:\/\/www.agrupament.cat\/portal\/wp-content\/uploads\/2018\/10\/12747317_1123272644363467_6907437481221260139_o-768x432.jpg 768w, https:\/\/www.agrupament.cat\/portal\/wp-content\/uploads\/2018\/10\/12747317_1123272644363467_6907437481221260139_o-350x197.jpg 350w\" sizes=\"auto, (max-width: 975px) 100vw, 975px\" \/><\/a><\/p>\n<p>Per a fer aquests m\u00f2duls es van fer fotografies des d&#8217;una barca.<\/p>\n<p><a href=\"http:\/\/www.agrupament.cat\/portal\/wp-content\/uploads\/2018\/10\/DSC_6905.jpg\"><img loading=\"lazy\" decoding=\"async\" class=\"aligncenter size-large wp-image-26974\" src=\"http:\/\/www.agrupament.cat\/portal\/wp-content\/uploads\/2018\/10\/DSC_6905-1024x681.jpg\" alt=\"\" width=\"1024\" height=\"681\" srcset=\"https:\/\/www.agrupament.cat\/portal\/wp-content\/uploads\/2018\/10\/DSC_6905-1024x681.jpg 1024w, https:\/\/www.agrupament.cat\/portal\/wp-content\/uploads\/2018\/10\/DSC_6905-300x199.jpg 300w, https:\/\/www.agrupament.cat\/portal\/wp-content\/uploads\/2018\/10\/DSC_6905-768x511.jpg 768w, https:\/\/www.agrupament.cat\/portal\/wp-content\/uploads\/2018\/10\/DSC_6905-350x233.jpg 350w\" sizes=\"auto, (max-width: 1024px) 100vw, 1024px\" \/><\/a><\/p>\n<p>S&#8217;ha reprodu\u00eft un dels t\u00fanels artificials.<\/p>\n<p><a href=\"http:\/\/www.agrupament.cat\/portal\/wp-content\/uploads\/2018\/10\/10683704_1123272767696788_1253637039117935664_o.jpg\"><img loading=\"lazy\" decoding=\"async\" class=\"alignright wp-image-26971 size-full\" src=\"http:\/\/www.agrupament.cat\/portal\/wp-content\/uploads\/2018\/10\/10683704_1123272767696788_1253637039117935664_o.jpg\" alt=\"Garraf\" width=\"975\" height=\"549\" srcset=\"https:\/\/www.agrupament.cat\/portal\/wp-content\/uploads\/2018\/10\/10683704_1123272767696788_1253637039117935664_o.jpg 975w, https:\/\/www.agrupament.cat\/portal\/wp-content\/uploads\/2018\/10\/10683704_1123272767696788_1253637039117935664_o-300x169.jpg 300w, https:\/\/www.agrupament.cat\/portal\/wp-content\/uploads\/2018\/10\/10683704_1123272767696788_1253637039117935664_o-768x432.jpg 768w, https:\/\/www.agrupament.cat\/portal\/wp-content\/uploads\/2018\/10\/10683704_1123272767696788_1253637039117935664_o-350x197.jpg 350w\" sizes=\"auto, (max-width: 975px) 100vw, 975px\" \/><\/a><\/p>\n<p><a href=\"http:\/\/www.agrupament.cat\/portal\/wp-content\/uploads\/2018\/10\/12764735_1126367400720658_7589453218565018350_o.jpg\"><img loading=\"lazy\" decoding=\"async\" class=\"aligncenter wp-image-26965 size-large\" src=\"http:\/\/www.agrupament.cat\/portal\/wp-content\/uploads\/2018\/10\/12764735_1126367400720658_7589453218565018350_o-1024x418.jpg\" alt=\"Garraf\" width=\"1024\" height=\"418\" srcset=\"https:\/\/www.agrupament.cat\/portal\/wp-content\/uploads\/2018\/10\/12764735_1126367400720658_7589453218565018350_o-1024x418.jpg 1024w, https:\/\/www.agrupament.cat\/portal\/wp-content\/uploads\/2018\/10\/12764735_1126367400720658_7589453218565018350_o-300x122.jpg 300w, https:\/\/www.agrupament.cat\/portal\/wp-content\/uploads\/2018\/10\/12764735_1126367400720658_7589453218565018350_o-768x313.jpg 768w, https:\/\/www.agrupament.cat\/portal\/wp-content\/uploads\/2018\/10\/12764735_1126367400720658_7589453218565018350_o-350x143.jpg 350w, https:\/\/www.agrupament.cat\/portal\/wp-content\/uploads\/2018\/10\/12764735_1126367400720658_7589453218565018350_o.jpg 2048w\" sizes=\"auto, (max-width: 1024px) 100vw, 1024px\" \/><\/a><\/p>\n<p><a href=\"http:\/\/www.agrupament.cat\/portal\/wp-content\/uploads\/2018\/10\/12783630_1126368094053922_4122286834367290909_o.jpg\"><img loading=\"lazy\" decoding=\"async\" class=\"aligncenter size-large wp-image-26983\" src=\"http:\/\/www.agrupament.cat\/portal\/wp-content\/uploads\/2018\/10\/12783630_1126368094053922_4122286834367290909_o-1024x519.jpg\" alt=\"\" width=\"1024\" height=\"519\" srcset=\"https:\/\/www.agrupament.cat\/portal\/wp-content\/uploads\/2018\/10\/12783630_1126368094053922_4122286834367290909_o-1024x519.jpg 1024w, https:\/\/www.agrupament.cat\/portal\/wp-content\/uploads\/2018\/10\/12783630_1126368094053922_4122286834367290909_o-300x152.jpg 300w, https:\/\/www.agrupament.cat\/portal\/wp-content\/uploads\/2018\/10\/12783630_1126368094053922_4122286834367290909_o-768x389.jpg 768w, https:\/\/www.agrupament.cat\/portal\/wp-content\/uploads\/2018\/10\/12783630_1126368094053922_4122286834367290909_o-350x177.jpg 350w, https:\/\/www.agrupament.cat\/portal\/wp-content\/uploads\/2018\/10\/12783630_1126368094053922_4122286834367290909_o.jpg 2048w\" sizes=\"auto, (max-width: 1024px) 100vw, 1024px\" \/><\/a><\/p>\n<p>Tots els t\u00fanels disposen de volta interior completa.<\/p>\n<p><a href=\"http:\/\/www.agrupament.cat\/portal\/wp-content\/uploads\/2018\/10\/12039252_1050133738344025_3938234279728595987_n.jpg\"><img loading=\"lazy\" decoding=\"async\" class=\"aligncenter size-full wp-image-26975\" src=\"http:\/\/www.agrupament.cat\/portal\/wp-content\/uploads\/2018\/10\/12039252_1050133738344025_3938234279728595987_n.jpg\" alt=\"\" width=\"480\" height=\"773\" srcset=\"https:\/\/www.agrupament.cat\/portal\/wp-content\/uploads\/2018\/10\/12039252_1050133738344025_3938234279728595987_n.jpg 480w, https:\/\/www.agrupament.cat\/portal\/wp-content\/uploads\/2018\/10\/12039252_1050133738344025_3938234279728595987_n-186x300.jpg 186w, https:\/\/www.agrupament.cat\/portal\/wp-content\/uploads\/2018\/10\/12039252_1050133738344025_3938234279728595987_n-350x564.jpg 350w\" sizes=\"auto, (max-width: 480px) 100vw, 480px\" \/><\/a><\/p>\n<p>Els m\u00f2duls s\u00f3n compatibles amb la circulaci\u00f3 en dos i tres carrils (sistema M\u00e4rklin).<\/p>\n<p><a href=\"http:\/\/www.agrupament.cat\/portal\/wp-content\/uploads\/2018\/10\/10339309_1087104121313653_1132562775375250968_o.jpg\"><img loading=\"lazy\" decoding=\"async\" class=\"aligncenter size-large wp-image-26976\" src=\"http:\/\/www.agrupament.cat\/portal\/wp-content\/uploads\/2018\/10\/10339309_1087104121313653_1132562775375250968_o-768x1024.jpg\" alt=\"\" width=\"768\" height=\"1024\" srcset=\"https:\/\/www.agrupament.cat\/portal\/wp-content\/uploads\/2018\/10\/10339309_1087104121313653_1132562775375250968_o-768x1024.jpg 768w, https:\/\/www.agrupament.cat\/portal\/wp-content\/uploads\/2018\/10\/10339309_1087104121313653_1132562775375250968_o-225x300.jpg 225w, https:\/\/www.agrupament.cat\/portal\/wp-content\/uploads\/2018\/10\/10339309_1087104121313653_1132562775375250968_o-350x467.jpg 350w, https:\/\/www.agrupament.cat\/portal\/wp-content\/uploads\/2018\/10\/10339309_1087104121313653_1132562775375250968_o.jpg 828w\" sizes=\"auto, (max-width: 768px) 100vw, 768px\" \/><\/a><\/p>\n<p><a href=\"http:\/\/www.agrupament.cat\/portal\/wp-content\/uploads\/2018\/10\/12366056_1087104714646927_4220773201700952582_o.jpg\"><img loading=\"lazy\" decoding=\"async\" class=\"aligncenter wp-image-26963 size-large\" src=\"http:\/\/www.agrupament.cat\/portal\/wp-content\/uploads\/2018\/10\/12366056_1087104714646927_4220773201700952582_o-1024x768.jpg\" alt=\"Garraf\" width=\"1024\" height=\"768\" srcset=\"https:\/\/www.agrupament.cat\/portal\/wp-content\/uploads\/2018\/10\/12366056_1087104714646927_4220773201700952582_o-1024x768.jpg 1024w, https:\/\/www.agrupament.cat\/portal\/wp-content\/uploads\/2018\/10\/12366056_1087104714646927_4220773201700952582_o-300x225.jpg 300w, https:\/\/www.agrupament.cat\/portal\/wp-content\/uploads\/2018\/10\/12366056_1087104714646927_4220773201700952582_o-768x576.jpg 768w, https:\/\/www.agrupament.cat\/portal\/wp-content\/uploads\/2018\/10\/12366056_1087104714646927_4220773201700952582_o-350x263.jpg 350w, https:\/\/www.agrupament.cat\/portal\/wp-content\/uploads\/2018\/10\/12366056_1087104714646927_4220773201700952582_o.jpg 1104w\" sizes=\"auto, (max-width: 1024px) 100vw, 1024px\" \/><\/a><\/p>\n<p><a href=\"http:\/\/www.agrupament.cat\/portal\/wp-content\/uploads\/2018\/10\/12357246_1087104521313613_2832019418492718992_o.jpg\"><img loading=\"lazy\" decoding=\"async\" class=\"aligncenter wp-image-26964 size-large\" src=\"http:\/\/www.agrupament.cat\/portal\/wp-content\/uploads\/2018\/10\/12357246_1087104521313613_2832019418492718992_o-768x1024.jpg\" alt=\"Garraf\" width=\"768\" height=\"1024\" srcset=\"https:\/\/www.agrupament.cat\/portal\/wp-content\/uploads\/2018\/10\/12357246_1087104521313613_2832019418492718992_o-768x1024.jpg 768w, https:\/\/www.agrupament.cat\/portal\/wp-content\/uploads\/2018\/10\/12357246_1087104521313613_2832019418492718992_o-225x300.jpg 225w, https:\/\/www.agrupament.cat\/portal\/wp-content\/uploads\/2018\/10\/12357246_1087104521313613_2832019418492718992_o-350x467.jpg 350w, https:\/\/www.agrupament.cat\/portal\/wp-content\/uploads\/2018\/10\/12357246_1087104521313613_2832019418492718992_o.jpg 828w\" sizes=\"auto, (max-width: 768px) 100vw, 768px\" \/><\/a><\/p>\n<p><a href=\"http:\/\/www.agrupament.cat\/portal\/wp-content\/uploads\/2018\/10\/12363057_1087104334646965_3341942879382419024_o.jpg\"><img loading=\"lazy\" decoding=\"async\" class=\"wp-image-26967 size-large aligncenter\" src=\"http:\/\/www.agrupament.cat\/portal\/wp-content\/uploads\/2018\/10\/12363057_1087104334646965_3341942879382419024_o-1024x768.jpg\" alt=\"Garraf\" width=\"1024\" height=\"768\" srcset=\"https:\/\/www.agrupament.cat\/portal\/wp-content\/uploads\/2018\/10\/12363057_1087104334646965_3341942879382419024_o-1024x768.jpg 1024w, https:\/\/www.agrupament.cat\/portal\/wp-content\/uploads\/2018\/10\/12363057_1087104334646965_3341942879382419024_o-300x225.jpg 300w, https:\/\/www.agrupament.cat\/portal\/wp-content\/uploads\/2018\/10\/12363057_1087104334646965_3341942879382419024_o-768x576.jpg 768w, https:\/\/www.agrupament.cat\/portal\/wp-content\/uploads\/2018\/10\/12363057_1087104334646965_3341942879382419024_o-350x263.jpg 350w, https:\/\/www.agrupament.cat\/portal\/wp-content\/uploads\/2018\/10\/12363057_1087104334646965_3341942879382419024_o.jpg 1104w\" sizes=\"auto, (max-width: 1024px) 100vw, 1024px\" \/><\/a><\/p>\n<p><a href=\"http:\/\/www.agrupament.cat\/portal\/wp-content\/uploads\/2018\/10\/1462533_1087104234646975_6774733983094544432_o.jpg\"><img loading=\"lazy\" decoding=\"async\" class=\"aligncenter wp-image-26968 size-large\" src=\"http:\/\/www.agrupament.cat\/portal\/wp-content\/uploads\/2018\/10\/1462533_1087104234646975_6774733983094544432_o-1024x768.jpg\" alt=\"Garraf\" width=\"1024\" height=\"768\" srcset=\"https:\/\/www.agrupament.cat\/portal\/wp-content\/uploads\/2018\/10\/1462533_1087104234646975_6774733983094544432_o-1024x768.jpg 1024w, https:\/\/www.agrupament.cat\/portal\/wp-content\/uploads\/2018\/10\/1462533_1087104234646975_6774733983094544432_o-300x225.jpg 300w, https:\/\/www.agrupament.cat\/portal\/wp-content\/uploads\/2018\/10\/1462533_1087104234646975_6774733983094544432_o-768x576.jpg 768w, https:\/\/www.agrupament.cat\/portal\/wp-content\/uploads\/2018\/10\/1462533_1087104234646975_6774733983094544432_o-350x263.jpg 350w, https:\/\/www.agrupament.cat\/portal\/wp-content\/uploads\/2018\/10\/1462533_1087104234646975_6774733983094544432_o.jpg 1104w\" sizes=\"auto, (max-width: 1024px) 100vw, 1024px\" \/><\/a><\/p>\n<p><a href=\"http:\/\/www.agrupament.cat\/portal\/wp-content\/uploads\/2018\/10\/12356953_1087104457980286_4762904499232441321_o.jpg\"><img loading=\"lazy\" decoding=\"async\" class=\"aligncenter wp-image-26972 size-large\" src=\"http:\/\/www.agrupament.cat\/portal\/wp-content\/uploads\/2018\/10\/12356953_1087104457980286_4762904499232441321_o-1024x768.jpg\" alt=\"Garraf\" width=\"1024\" height=\"768\" srcset=\"https:\/\/www.agrupament.cat\/portal\/wp-content\/uploads\/2018\/10\/12356953_1087104457980286_4762904499232441321_o-1024x768.jpg 1024w, https:\/\/www.agrupament.cat\/portal\/wp-content\/uploads\/2018\/10\/12356953_1087104457980286_4762904499232441321_o-300x225.jpg 300w, https:\/\/www.agrupament.cat\/portal\/wp-content\/uploads\/2018\/10\/12356953_1087104457980286_4762904499232441321_o-768x576.jpg 768w, https:\/\/www.agrupament.cat\/portal\/wp-content\/uploads\/2018\/10\/12356953_1087104457980286_4762904499232441321_o-350x263.jpg 350w, https:\/\/www.agrupament.cat\/portal\/wp-content\/uploads\/2018\/10\/12356953_1087104457980286_4762904499232441321_o.jpg 1104w\" sizes=\"auto, (max-width: 1024px) 100vw, 1024px\" \/><\/a><\/p>\n<p>A la carretera que discorre paral\u00b7lela al ferrocarril s&#8217;hi pot contemplar una edici\u00f3 del Rally de Sitges.<\/p>\n<p><a href=\"http:\/\/www.agrupament.cat\/portal\/wp-content\/uploads\/2018\/10\/12658045_1114195955271136_6544320746617859269_o.jpg\"><img loading=\"lazy\" decoding=\"async\" class=\"aligncenter size-full wp-image-26981\" src=\"http:\/\/www.agrupament.cat\/portal\/wp-content\/uploads\/2018\/10\/12658045_1114195955271136_6544320746617859269_o.jpg\" alt=\"\" width=\"975\" height=\"549\" srcset=\"https:\/\/www.agrupament.cat\/portal\/wp-content\/uploads\/2018\/10\/12658045_1114195955271136_6544320746617859269_o.jpg 975w, https:\/\/www.agrupament.cat\/portal\/wp-content\/uploads\/2018\/10\/12658045_1114195955271136_6544320746617859269_o-300x169.jpg 300w, https:\/\/www.agrupament.cat\/portal\/wp-content\/uploads\/2018\/10\/12658045_1114195955271136_6544320746617859269_o-768x432.jpg 768w, https:\/\/www.agrupament.cat\/portal\/wp-content\/uploads\/2018\/10\/12658045_1114195955271136_6544320746617859269_o-350x197.jpg 350w\" sizes=\"auto, (max-width: 975px) 100vw, 975px\" \/><\/a><\/p>\n<p><a href=\"http:\/\/www.agrupament.cat\/portal\/wp-content\/uploads\/2018\/10\/12628433_1114196201937778_2981954452811669936_o.jpg\"><img loading=\"lazy\" decoding=\"async\" class=\"aligncenter size-full wp-image-26979\" src=\"http:\/\/www.agrupament.cat\/portal\/wp-content\/uploads\/2018\/10\/12628433_1114196201937778_2981954452811669936_o.jpg\" alt=\"\" width=\"975\" height=\"549\" srcset=\"https:\/\/www.agrupament.cat\/portal\/wp-content\/uploads\/2018\/10\/12628433_1114196201937778_2981954452811669936_o.jpg 975w, https:\/\/www.agrupament.cat\/portal\/wp-content\/uploads\/2018\/10\/12628433_1114196201937778_2981954452811669936_o-300x169.jpg 300w, https:\/\/www.agrupament.cat\/portal\/wp-content\/uploads\/2018\/10\/12628433_1114196201937778_2981954452811669936_o-768x432.jpg 768w, https:\/\/www.agrupament.cat\/portal\/wp-content\/uploads\/2018\/10\/12628433_1114196201937778_2981954452811669936_o-350x197.jpg 350w\" sizes=\"auto, (max-width: 975px) 100vw, 975px\" \/><\/a><\/p>\n<p><a href=\"http:\/\/www.agrupament.cat\/portal\/wp-content\/uploads\/2018\/10\/12622095_1114195988604466_399203111353026692_o.jpg\"><img loading=\"lazy\" decoding=\"async\" class=\"alignright wp-image-26966 size-full\" src=\"http:\/\/www.agrupament.cat\/portal\/wp-content\/uploads\/2018\/10\/12622095_1114195988604466_399203111353026692_o.jpg\" alt=\"Garraf\" width=\"975\" height=\"549\" srcset=\"https:\/\/www.agrupament.cat\/portal\/wp-content\/uploads\/2018\/10\/12622095_1114195988604466_399203111353026692_o.jpg 975w, https:\/\/www.agrupament.cat\/portal\/wp-content\/uploads\/2018\/10\/12622095_1114195988604466_399203111353026692_o-300x169.jpg 300w, https:\/\/www.agrupament.cat\/portal\/wp-content\/uploads\/2018\/10\/12622095_1114195988604466_399203111353026692_o-768x432.jpg 768w, https:\/\/www.agrupament.cat\/portal\/wp-content\/uploads\/2018\/10\/12622095_1114195988604466_399203111353026692_o-350x197.jpg 350w\" sizes=\"auto, (max-width: 975px) 100vw, 975px\" \/><\/a><\/p>\n<p>En aquest v\u00eddeo es poden veure trens circulant pels m\u00f2duls del Garraf:<\/p>\n<p><iframe loading=\"lazy\" title=\"Exposici\u00f3 dels 25 anys de l&#039;Agrupament Ferroviari de Barcelona\" width=\"910\" height=\"512\" src=\"https:\/\/www.youtube.com\/embed\/VBKK64MguWo?feature=oembed\" frameborder=\"0\" allow=\"accelerometer; autoplay; clipboard-write; encrypted-media; gyroscope; picture-in-picture\" allowfullscreen><\/iframe><\/p>\n","protected":false},"excerpt":{"rendered":"<p>Aquest conjunt de quatre m\u00f2duls \u00e9s una reproducci\u00f3 a escala 1\/87 d&#8217;un tram de les Costes de Garraf. Aquest tram<\/p>\n","protected":false},"author":1,"featured_media":0,"parent":462,"menu_order":8,"comment_status":"closed","ping_status":"closed","template":"","meta":{"footnotes":""},"class_list":["post-26946","page","type-page","status-publish","hentry","comments-off"],"_links":{"self":[{"href":"https:\/\/www.agrupament.cat\/portal\/wp-json\/wp\/v2\/pages\/26946","targetHints":{"allow":["GET"]}}],"collection":[{"href":"https:\/\/www.agrupament.cat\/portal\/wp-json\/wp\/v2\/pages"}],"about":[{"href":"https:\/\/www.agrupament.cat\/portal\/wp-json\/wp\/v2\/types\/page"}],"author":[{"embeddable":true,"href":"https:\/\/www.agrupament.cat\/portal\/wp-json\/wp\/v2\/users\/1"}],"replies":[{"embeddable":true,"href":"https:\/\/www.agrupament.cat\/portal\/wp-json\/wp\/v2\/comments?post=26946"}],"version-history":[{"count":8,"href":"https:\/\/www.agrupament.cat\/portal\/wp-json\/wp\/v2\/pages\/26946\/revisions"}],"predecessor-version":[{"id":36339,"href":"https:\/\/www.agrupament.cat\/portal\/wp-json\/wp\/v2\/pages\/26946\/revisions\/36339"}],"up":[{"embeddable":true,"href":"https:\/\/www.agrupament.cat\/portal\/wp-json\/wp\/v2\/pages\/462"}],"wp:attachment":[{"href":"https:\/\/www.agrupament.cat\/portal\/wp-json\/wp\/v2\/media?parent=26946"}],"curies":[{"name":"wp","href":"https:\/\/api.w.org\/{rel}","templated":true}]}}