{"id":26359,"date":"2018-04-23T16:52:54","date_gmt":"2018-04-23T15:52:54","guid":{"rendered":"http:\/\/www.agrupament.cat\/portal\/?page_id=26359"},"modified":"2020-02-01T18:48:35","modified_gmt":"2020-02-01T17:48:35","slug":"relacio-de-models-de-trens-reals-en-els-diferents-amples-de-vies-i-la-seva-conversio-a-escala-reduida","status":"publish","type":"page","link":"https:\/\/www.agrupament.cat\/portal\/documentacio\/relacio-de-models-de-trens-reals-en-els-diferents-amples-de-vies-i-la-seva-conversio-a-escala-reduida\/","title":{"rendered":"Trens reals en els diferents amples de vies, i la seva conversi\u00f3 a escala redu\u00efda."},"content":{"rendered":"<p>Nomenclatura de l&#8217;escales en modelisme ferroviari (aquesta va de menor a major escala)<\/p>\n<table style=\"width: 62.3869%;\">\n<tbody>\n<tr>\n<td style=\"width: 16.4352%; text-align: center;\"><b>nom<\/b><\/td>\n<td style=\"width: 17.8412%; text-align: center;\"><strong>escala<\/strong><\/td>\n<td style=\"width: 36.7994%; text-align: center;\"><strong>ample de via real <\/strong><\/p>\n<p><strong>expressat en mm.<\/strong><\/td>\n<td style=\"width: 36.5726%; text-align: center;\"><strong>ample de via amb modelisme, expressat en mm.<\/strong><\/td>\n<\/tr>\n<tr>\n<td style=\"width: 16.4352%; text-align: center;\">de<\/td>\n<td style=\"width: 17.8412%; text-align: center;\">1:900<\/td>\n<td style=\"width: 36.7994%; text-align: center;\">1435<\/td>\n<td style=\"width: 36.5726%; text-align: center;\">1,6<\/td>\n<\/tr>\n<tr>\n<td style=\"width: 16.4352%; text-align: center;\">HZ<\/td>\n<td style=\"width: 17.8412%; text-align: center;\">1:440<\/td>\n<td style=\"width: 36.7994%; text-align: center;\">1435<\/td>\n<td style=\"width: 36.5726%; text-align: center;\">3,3<\/td>\n<\/tr>\n<tr>\n<td style=\"width: 16.4352%; text-align: center;\">Zf<\/td>\n<td style=\"width: 17.8412%; text-align: center;\">1:220<\/td>\n<td style=\"width: 36.7994%; text-align: center;\">600<\/td>\n<td style=\"width: 36.5726%; text-align: center;\">2,7<\/td>\n<\/tr>\n<tr>\n<td style=\"width: 16.4352%; text-align: center;\">Zm<\/td>\n<td style=\"width: 17.8412%; text-align: center;\">1:220<\/td>\n<td style=\"width: 36.7994%; text-align: center;\">1000<\/td>\n<td style=\"width: 36.5726%; text-align: center;\">4,5<\/td>\n<\/tr>\n<tr>\n<td style=\"width: 16.4352%; text-align: center;\">Z<\/td>\n<td style=\"width: 17.8412%; text-align: center;\">1:220<\/td>\n<td style=\"width: 36.7994%; text-align: center;\">1435<\/td>\n<td style=\"width: 36.5726%; text-align: center;\">6,5<\/td>\n<\/tr>\n<tr>\n<td style=\"width: 16.4352%; text-align: center;\">Nf<\/td>\n<td style=\"width: 17.8412%; text-align: center;\">1:160<\/td>\n<td style=\"width: 36.7994%; text-align: center;\">600<\/td>\n<td style=\"width: 36.5726%; text-align: center;\">3,75<\/td>\n<\/tr>\n<tr>\n<td style=\"width: 16.4352%; text-align: center;\">Nm<\/td>\n<td style=\"width: 17.8412%; text-align: center;\">1:160<\/td>\n<td style=\"width: 36.7994%; text-align: center;\">1000<\/td>\n<td style=\"width: 36.5726%; text-align: center;\">6,5<\/td>\n<\/tr>\n<tr>\n<td style=\"width: 16.4352%; text-align: center;\">N<\/td>\n<td style=\"width: 17.8412%; text-align: center;\">1:160<\/td>\n<td style=\"width: 36.7994%; text-align: center;\">1435<\/td>\n<td style=\"width: 36.5726%; text-align: center;\">9<\/td>\n<\/tr>\n<tr>\n<td style=\"width: 16.4352%; text-align: center;\">TTf<\/td>\n<td style=\"width: 17.8412%; text-align: center;\">1:120<\/td>\n<td style=\"width: 36.7994%; text-align: center;\">600<\/td>\n<td style=\"width: 36.5726%; text-align: center;\">5<\/td>\n<\/tr>\n<tr>\n<td style=\"width: 16.4352%; text-align: center;\">TTm<\/td>\n<td style=\"width: 17.8412%; text-align: center;\">1:120<\/td>\n<td style=\"width: 36.7994%; text-align: center;\">1000<\/td>\n<td style=\"width: 36.5726%; text-align: center;\">9<\/td>\n<\/tr>\n<tr>\n<td style=\"width: 16.4352%; text-align: center;\">TT<\/td>\n<td style=\"width: 17.8412%; text-align: center;\">1:20<\/td>\n<td style=\"width: 36.7994%; text-align: center;\">1435<\/td>\n<td style=\"width: 36.5726%; text-align: center;\">12<\/td>\n<\/tr>\n<tr>\n<td style=\"width: 16.4352%; text-align: center;\">H0f<\/td>\n<td style=\"width: 17.8412%; text-align: center;\">1:87<\/td>\n<td style=\"width: 36.7994%; text-align: center;\">600<\/td>\n<td style=\"width: 36.5726%; text-align: center;\">6,5<\/td>\n<\/tr>\n<tr>\n<td style=\"width: 16.4352%; text-align: center;\">H0n<sup>2<\/sup><\/td>\n<td style=\"width: 17.8412%; text-align: center;\">1:87<\/td>\n<td style=\"width: 36.7994%; text-align: center;\">600<\/td>\n<td style=\"width: 36.5726%; text-align: center;\">7<\/td>\n<\/tr>\n<tr>\n<td style=\"width: 16.4352%; text-align: center;\">H0e<\/td>\n<td style=\"width: 17.8412%; text-align: center;\">1:87<\/td>\n<td style=\"width: 36.7994%; text-align: center;\">780<\/td>\n<td style=\"width: 36.5726%; text-align: center;\">9<\/td>\n<\/tr>\n<tr>\n<td style=\"width: 16.4352%; text-align: center;\">H0n<sup>3<\/sup><\/td>\n<td style=\"width: 17.8412%; text-align: center;\">1:87<\/td>\n<td style=\"width: 36.7994%; text-align: center;\">914<\/td>\n<td style=\"width: 36.5726%; text-align: center;\">10,5<\/td>\n<\/tr>\n<tr>\n<td style=\"width: 16.4352%; text-align: center;\">H0m<\/td>\n<td style=\"width: 17.8412%; text-align: center;\">1:87<\/td>\n<td style=\"width: 36.7994%; text-align: center;\">1000<\/td>\n<td style=\"width: 36.5726%; text-align: center;\">12<\/td>\n<\/tr>\n<tr>\n<td style=\"width: 16.4352%; text-align: center;\"><strong>H0 <span style=\"color: #ff0000;\">(*)<\/span><\/strong><\/td>\n<td style=\"width: 17.8412%; text-align: center;\">1:87<\/td>\n<td style=\"width: 36.7994%; text-align: center;\">1435 \/ 1668<\/td>\n<td style=\"width: 36.5726%; text-align: center;\">16,5<\/td>\n<\/tr>\n<tr>\n<td style=\"width: 16.4352%; text-align: center;\">00<\/td>\n<td style=\"width: 17.8412%; text-align: center;\">1:76<\/td>\n<td style=\"width: 36.7994%; text-align: center;\">1435<\/td>\n<td style=\"width: 36.5726%; text-align: center;\">16,5<\/td>\n<\/tr>\n<tr>\n<td style=\"width: 16.4352%; text-align: center;\">S<\/td>\n<td style=\"width: 17.8412%; text-align: center;\">1:64<\/td>\n<td style=\"width: 36.7994%; text-align: center;\">1435<\/td>\n<td style=\"width: 36.5726%; text-align: center;\">22,5<\/td>\n<\/tr>\n<tr>\n<td style=\"width: 16.4352%; text-align: center;\"><strong>0n<sub>30\u00a0<\/sub><span style=\"color: #ff0000;\">(**)<\/span><\/strong><\/td>\n<td style=\"width: 17.8412%; text-align: center;\">1:48<\/td>\n<td style=\"width: 36.7994%; text-align: center;\">1435<\/td>\n<td style=\"width: 36.5726%; text-align: center;\">16,5<\/td>\n<\/tr>\n<tr>\n<td style=\"width: 16.4352%; text-align: center;\">0i<\/td>\n<td style=\"width: 17.8412%; text-align: center;\">1:45<\/td>\n<td style=\"width: 36.7994%; text-align: center;\">600<\/td>\n<td style=\"width: 36.5726%; text-align: center;\">12<\/td>\n<\/tr>\n<tr>\n<td style=\"width: 16.4352%; text-align: center;\">0f<\/td>\n<td style=\"width: 17.8412%; text-align: center;\">1:45<\/td>\n<td style=\"width: 36.7994%; text-align: center;\">600<\/td>\n<td style=\"width: 36.5726%; text-align: center;\">13,3<\/td>\n<\/tr>\n<tr>\n<td style=\"width: 16.4352%; text-align: center;\">0e<\/td>\n<td style=\"width: 17.8412%; text-align: center;\">1:45<\/td>\n<td style=\"width: 36.7994%; text-align: center;\">750<\/td>\n<td style=\"width: 36.5726%; text-align: center;\">16,5<\/td>\n<\/tr>\n<tr>\n<td style=\"width: 16.4352%; text-align: center;\">0m<\/td>\n<td style=\"width: 17.8412%; text-align: center;\">1:45<\/td>\n<td style=\"width: 36.7994%; text-align: center;\">750<\/td>\n<td style=\"width: 36.5726%; text-align: center;\">22,5<\/td>\n<\/tr>\n<tr>\n<td style=\"width: 16.4352%; text-align: center;\">0<\/td>\n<td style=\"width: 17.8412%; text-align: center;\">1:45<\/td>\n<td style=\"width: 36.7994%; text-align: center;\">1430<\/td>\n<td style=\"width: 36.5726%; text-align: center;\">32<\/td>\n<\/tr>\n<tr>\n<td style=\"width: 16.4352%; text-align: center;\">1e<\/td>\n<td style=\"width: 17.8412%; text-align: center;\">1:32<\/td>\n<td style=\"width: 36.7994%; text-align: center;\">750<\/td>\n<td style=\"width: 36.5726%; text-align: center;\">22,5<\/td>\n<\/tr>\n<tr>\n<td style=\"width: 16.4352%; text-align: center;\">1m<\/td>\n<td style=\"width: 17.8412%; text-align: center;\">1:32<\/td>\n<td style=\"width: 36.7994%; text-align: center;\">1000<\/td>\n<td style=\"width: 36.5726%; text-align: center;\">32<\/td>\n<\/tr>\n<tr>\n<td style=\"width: 16.4352%; text-align: center;\">1<\/td>\n<td style=\"width: 17.8412%; text-align: center;\">1:32<\/td>\n<td style=\"width: 36.7994%; text-align: center;\">1435<\/td>\n<td style=\"width: 36.5726%; text-align: center;\">45<\/td>\n<\/tr>\n<tr>\n<td style=\"width: 16.4352%; text-align: center;\">2f<sub>500<\/sub><\/td>\n<td style=\"width: 17.8412%; text-align: center;\">1:22,5<\/td>\n<td style=\"width: 36.7994%; text-align: center;\">500<\/td>\n<td style=\"width: 36.5726%; text-align: center;\">22,2<\/td>\n<\/tr>\n<tr>\n<td style=\"width: 16.4352%; text-align: center;\">2f<sub>600<\/sub><\/td>\n<td style=\"width: 17.8412%; text-align: center;\">1:22,5<\/td>\n<td style=\"width: 36.7994%; text-align: center;\">600<\/td>\n<td style=\"width: 36.5726%; text-align: center;\">26,7<\/td>\n<\/tr>\n<tr>\n<td style=\"width: 16.4352%; text-align: center;\">2f<\/td>\n<td style=\"width: 17.8412%; text-align: center;\">1:22,5<\/td>\n<td style=\"width: 36.7994%; text-align: center;\">675<\/td>\n<td style=\"width: 36.5726%; text-align: center;\">30<\/td>\n<\/tr>\n<tr>\n<td style=\"width: 16.4352%; text-align: center;\">2e<\/td>\n<td style=\"width: 17.8412%; text-align: center;\">1:22.5<\/td>\n<td style=\"width: 36.7994%; text-align: center;\">750<\/td>\n<td style=\"width: 36.5726%; text-align: center;\">32<\/td>\n<\/tr>\n<tr>\n<td style=\"width: 16.4352%; text-align: center;\"><strong>G <span style=\"color: #ff0000;\">(***)<\/span><\/strong><\/td>\n<td style=\"width: 17.8412%; text-align: center;\">1:22,5<\/td>\n<td style=\"width: 36.7994%; text-align: center;\">1000<\/td>\n<td style=\"width: 36.5726%; text-align: center;\">45<\/td>\n<\/tr>\n<tr>\n<td style=\"width: 16.4352%; text-align: center;\">2<\/td>\n<td style=\"width: 17.8412%; text-align: center;\">1:22,5<\/td>\n<td style=\"width: 36.7994%; text-align: center;\">1435<\/td>\n<td style=\"width: 36.5726%; text-align: center;\">64<\/td>\n<\/tr>\n<tr>\n<td style=\"width: 16.4352%; text-align: center;\">3<\/td>\n<td style=\"width: 17.8412%; text-align: center;\">1:16<\/td>\n<td style=\"width: 36.7994%; text-align: center;\">1435<\/td>\n<td style=\"width: 36.5726%; text-align: center;\">90<\/td>\n<\/tr>\n<\/tbody>\n<\/table>\n<p><strong><span style=\"color: #ff0000;\">(*)<\/span><\/strong> L&#8217;escala <strong>H0<\/strong> engloben diversos amples de vies de trens que circulant per diferents pa\u00efsos, per exemple l&#8217;<span style=\"color: #33cccc;\"><strong><a style=\"color: #33cccc;\" href=\"https:\/\/uic.org\">ample de via <span style=\"color: #339966;\">internacional<\/span> (U<span style=\"color: #339966;\">IC<\/span>)<\/a>,<\/strong><\/span> es el de 1435 mm i es\u00a0\u00a0l&#8217;acceptat per la totalitat de pa\u00efsos. L&#8217;ampla de via Renfe (denominat Ib\u00e8ric) es de 1668 mm. de amplada (degut a utilitzar la mida dels sis peus castellans) entre les cares internes dels carrils, es el m\u00e9s com\u00fa en les l\u00ednies d&#8217;Espanya i Portugal juntament amb Xile i Argentina. Aix\u00f2 no ha sigut impediment per els diferents fabricants de models a escala redu\u00efda, per unificar els seus criteris vers l&#8217;ampla UIC i el de Renfe i CP,\u00a0 en benefici de l&#8217;afici\u00f3 i abaratiment de les despeses.<\/p>\n<p><strong><span style=\"color: #ff0000;\">(**)<\/span><\/strong> L&#8217;escala <strong>0n<sub>30,\u00a0<\/sub><\/strong>Son models de trens realitzats a escala <strong>0<\/strong>, m\u00e9s circulen per vies d&#8217;escala <strong>H0<\/strong>.<\/p>\n<p><span style=\"color: #ff0000;\"><strong>(***)<\/strong><\/span> L&#8217;escala <strong>G<\/strong>, en ocasions rep la nomenclatura d&#8217;escala <strong>2m<\/strong>.<\/p>\n<p><strong>TRENS TRIPULATS<\/strong><br \/>\nDins de l&#8217;afici\u00f3, existeixen uns circuits i trens, la majoria d&#8217;ells replica de models reals amb diferents amples de vies existents, que son representats a escala redu\u00efda, m\u00e9s permeten per les seves dimensions comptar amb un conductor o maquinista i admeten que portin viatgers o passatge.<br \/>\nAquests trens ajusten les seves dimensions al ample de via i g\u00e0lib del que es disposa en el circuit, segons les necessitats del seu constructor.<\/p>\n<p>Aquestes escales son:<\/p>\n<table style=\"width: 53.04%; height: 146px;\">\n<tbody>\n<tr>\n<td style=\"text-align: center; width: 30.1255%;\"><strong>escala<\/strong><\/td>\n<td style=\"text-align: center; width: 79.4979%;\"><strong>ample de via amb modelisme tripulat<\/strong><\/td>\n<\/tr>\n<tr>\n<td style=\"text-align: center; width: 30.1255%;\"><strong>5 &#8220;<\/strong><\/td>\n<td style=\"text-align: center; width: 79.4979%;\"><strong>127 mm.<\/strong><\/td>\n<\/tr>\n<tr>\n<td style=\"text-align: center; width: 30.1255%;\"><strong>7<sup>1\/4 <\/sup><\/strong>&#8220;<\/td>\n<td style=\"text-align: center; width: 79.4979%;\"><strong>184 mm.<\/strong><\/td>\n<\/tr>\n<tr>\n<td style=\"text-align: center; width: 30.1255%;\"><strong>10 &#8220;<\/strong><\/td>\n<td style=\"text-align: center; width: 79.4979%;\"><strong>254 mm.<\/strong><\/td>\n<\/tr>\n<tr>\n<td style=\"text-align: center; width: 30.1255%;\"><strong>15 &#8220;<\/strong><\/td>\n<td style=\"text-align: center; width: 79.4979%;\"><strong>381 mm.<\/strong><\/td>\n<\/tr>\n<\/tbody>\n<\/table>\n","protected":false},"excerpt":{"rendered":"<p>Nomenclatura de l&#8217;escales en modelisme ferroviari (aquesta va de menor a major escala) nom escala ample de via real expressat<\/p>\n","protected":false},"author":4,"featured_media":0,"parent":28,"menu_order":0,"comment_status":"closed","ping_status":"closed","template":"","meta":{"footnotes":""},"class_list":["post-26359","page","type-page","status-publish","hentry","comments-off"],"_links":{"self":[{"href":"https:\/\/www.agrupament.cat\/portal\/wp-json\/wp\/v2\/pages\/26359","targetHints":{"allow":["GET"]}}],"collection":[{"href":"https:\/\/www.agrupament.cat\/portal\/wp-json\/wp\/v2\/pages"}],"about":[{"href":"https:\/\/www.agrupament.cat\/portal\/wp-json\/wp\/v2\/types\/page"}],"author":[{"embeddable":true,"href":"https:\/\/www.agrupament.cat\/portal\/wp-json\/wp\/v2\/users\/4"}],"replies":[{"embeddable":true,"href":"https:\/\/www.agrupament.cat\/portal\/wp-json\/wp\/v2\/comments?post=26359"}],"version-history":[{"count":20,"href":"https:\/\/www.agrupament.cat\/portal\/wp-json\/wp\/v2\/pages\/26359\/revisions"}],"predecessor-version":[{"id":29239,"href":"https:\/\/www.agrupament.cat\/portal\/wp-json\/wp\/v2\/pages\/26359\/revisions\/29239"}],"up":[{"embeddable":true,"href":"https:\/\/www.agrupament.cat\/portal\/wp-json\/wp\/v2\/pages\/28"}],"wp:attachment":[{"href":"https:\/\/www.agrupament.cat\/portal\/wp-json\/wp\/v2\/media?parent=26359"}],"curies":[{"name":"wp","href":"https:\/\/api.w.org\/{rel}","templated":true}]}}