{"id":208,"date":"2007-06-13T09:46:55","date_gmt":"2007-06-13T08:46:55","guid":{"rendered":"http:\/\/www.agrupament.cat\/portal\/?page_id=208"},"modified":"2007-06-13T09:46:55","modified_gmt":"2007-06-13T08:46:55","slug":"tutorial-de-construccio-duna-locomotora-de-vapor-amb-train-sim-modeler","status":"publish","type":"page","link":"https:\/\/www.agrupament.cat\/portal\/documentacio\/tutorial-de-construccio-duna-locomotora-de-vapor-amb-train-sim-modeler\/","title":{"rendered":"Tutorial de Construcci\u00f3 d&#8217;una Locomotora de Vapor amb Train Sim Modeler"},"content":{"rendered":"<div style=\"text-align: center\"><img decoding=\"async\" src=\"http:\/\/www.agrupament.cat\/msts\/Tutorial\/130-2124.gif\" \/><\/div>\n<p>Aquest tutorial escrit per Pere Comas ens explica amb tot detall el proc\u00e9s de construcci\u00f3 d&#8217;una locomotora amb l&#8217;eina Train Sim Modeler per al seu \u00fas en un simulador ferroviari, com Microsoft Train Simulator.<br \/>\n<a target=\"_blank\" href=\"http:\/\/www.agrupament.cat\/msts\/Tutorial\/\">http:\/\/www.agrupament.cat\/msts\/Tutorial\/<\/a><\/p>\n","protected":false},"excerpt":{"rendered":"<p>Aquest tutorial escrit per Pere Comas ens explica amb tot detall el proc\u00e9s de construcci\u00f3 d&#8217;una locomotora amb l&#8217;eina Train<\/p>\n","protected":false},"author":2,"featured_media":0,"parent":28,"menu_order":0,"comment_status":"closed","ping_status":"open","template":"","meta":{"footnotes":""},"class_list":["post-208","page","type-page","status-publish","hentry","comments-off"],"_links":{"self":[{"href":"https:\/\/www.agrupament.cat\/portal\/wp-json\/wp\/v2\/pages\/208","targetHints":{"allow":["GET"]}}],"collection":[{"href":"https:\/\/www.agrupament.cat\/portal\/wp-json\/wp\/v2\/pages"}],"about":[{"href":"https:\/\/www.agrupament.cat\/portal\/wp-json\/wp\/v2\/types\/page"}],"author":[{"embeddable":true,"href":"https:\/\/www.agrupament.cat\/portal\/wp-json\/wp\/v2\/users\/2"}],"replies":[{"embeddable":true,"href":"https:\/\/www.agrupament.cat\/portal\/wp-json\/wp\/v2\/comments?post=208"}],"version-history":[{"count":0,"href":"https:\/\/www.agrupament.cat\/portal\/wp-json\/wp\/v2\/pages\/208\/revisions"}],"up":[{"embeddable":true,"href":"https:\/\/www.agrupament.cat\/portal\/wp-json\/wp\/v2\/pages\/28"}],"wp:attachment":[{"href":"https:\/\/www.agrupament.cat\/portal\/wp-json\/wp\/v2\/media?parent=208"}],"curies":[{"name":"wp","href":"https:\/\/api.w.org\/{rel}","templated":true}]}}