{"id":26,"date":"2020-12-30T19:52:41","date_gmt":"2020-12-30T17:52:41","guid":{"rendered":"https:\/\/www.agrupament.cat\/albumrenfe\/?page_id=26"},"modified":"2021-01-25T00:33:10","modified_gmt":"2021-01-24T22:33:10","slug":"benvinguda","status":"publish","type":"page","link":"https:\/\/www.agrupament.cat\/albumrenfe\/","title":{"rendered":"Benvinguda"},"content":{"rendered":"<p>Un cop acabada la Guerra Civil Espanyola, l&#8217;Estat <span class=\"VIiyi\" lang=\"ca\"><span class=\"JLqJ4b ChMk0b\" data-language-for-alternatives=\"ca\" data-language-to-translate-into=\"es\" data-phrase-index=\"1\">va decidir abordar<\/span> <span class=\"JLqJ4b ChMk0b\" data-language-for-alternatives=\"ca\" data-language-to-translate-into=\"es\" data-phrase-index=\"2\">definitivament la<\/span> <span class=\"JLqJ4b ChMk0b\" data-language-for-alternatives=\"ca\" data-language-to-translate-into=\"es\" data-phrase-index=\"3\">confiscaci\u00f3 de<\/span> <span class=\"JLqJ4b ChMk0b\" data-language-for-alternatives=\"ca\" data-language-to-translate-into=\"es\" data-phrase-index=\"4\">les<\/span> <span class=\"JLqJ4b ChMk0b\" data-language-for-alternatives=\"ca\" data-language-to-translate-into=\"es\" data-phrase-index=\"5\">l\u00ednies<\/span> <span class=\"JLqJ4b ChMk0b\" data-language-for-alternatives=\"ca\" data-language-to-translate-into=\"es\" data-phrase-index=\"6\">i<\/span> <span class=\"JLqJ4b ChMk0b\" data-language-for-alternatives=\"ca\" data-language-to-translate-into=\"es\" data-phrase-index=\"7\">la indemnitzaci\u00f3<\/span> <span class=\"JLqJ4b ChMk0b\" data-language-for-alternatives=\"ca\" data-language-to-translate-into=\"es\" data-phrase-index=\"8\">de les<\/span> <span class=\"JLqJ4b ChMk0b\" data-language-for-alternatives=\"ca\" data-language-to-translate-into=\"es\" data-phrase-index=\"9\">companyies, i en aquesta l\u00ednia, el 24 de gener de 1941 es va publicar la llei per la qual es creava RENFE, amb data efectiva del dia 1 de febrer del mateix any.<\/span><\/span><\/p>\n<p>Un cop unificada administrativament la gesti\u00f3 de tota la xarxa, la nova companyia es va trobar en front d&#8217;un gran i divers parc m\u00f2bil que va obligar a RENFE a dur a terme un gran treball de classificaci\u00f3 i inventari de tot el material, tant motor com remolcat. Pel que fa al material motor, aquest esfor\u00e7 es va reflectir en la publicaci\u00f3, el 1947, del &#8220;<em>\u00c1lbum del Material Motor de la RENFE<\/em>&#8220;, a on es va classificar tot el material existent amb condicions acceptables d&#8217;operaci\u00f3, donant-se de baixa aquell que es va considerar totalment in\u00fatil per a qualsevol servei.<\/p>\n<p>Amb el temps aquest document s&#8217;ha convertit en una font de refer\u00e8ncia per a qui vol endinsar-se en el coneixement de la tracci\u00f3 vapor a Espanya.<\/p>\n<figure id=\"attachment_88\" aria-describedby=\"caption-attachment-88\" style=\"width: 910px\" class=\"wp-caption alignnone\"><img loading=\"lazy\" class=\"size-large wp-image-88\" src=\"https:\/\/www.agrupament.cat\/albumrenfe\/wp-content\/uploads\/2020\/12\/20201231_150345-1024x699.jpg\" alt=\"\" width=\"910\" height=\"621\" srcset=\"https:\/\/www.agrupament.cat\/albumrenfe\/wp-content\/uploads\/2020\/12\/20201231_150345-1024x699.jpg 1024w, https:\/\/www.agrupament.cat\/albumrenfe\/wp-content\/uploads\/2020\/12\/20201231_150345-300x205.jpg 300w, https:\/\/www.agrupament.cat\/albumrenfe\/wp-content\/uploads\/2020\/12\/20201231_150345-768x524.jpg 768w, https:\/\/www.agrupament.cat\/albumrenfe\/wp-content\/uploads\/2020\/12\/20201231_150345.jpg 1202w\" sizes=\"(max-width: 910px) 100vw, 910px\" \/><figcaption id=\"caption-attachment-88\" class=\"wp-caption-text\">Portada del \u00c0lbum del material motor de la RENFE<\/figcaption><\/figure>\n<p>A l&#8217;Agrupament Ferroviari de Barcelona disposem d&#8217;un dels pocs exemplars que han sobreviscut al pas del temps, ra\u00f3 per la qual hem pensat en publicitar el seu contingut i posar-lo a disposici\u00f3 de tothom.<\/p>\n<p>Encara que aquest contingut ha estat reprodu\u00eft extensament, hem volgut aportar-lo en format facs\u00edmil, afegint-hi una indexaci\u00f3 de les fitxes de l&#8217;\u00c0lbum per tal de fer molt m\u00e9s localitzable una locomotora determinada, o poder efectuar seleccions per diferents informacions que aquestes contenen.<\/p>\n<p>S&#8217;ha volgut afegir a les s\u00e8ries la dada relativa a la seva velocitat m\u00e0xima autoritzada, que, si b\u00e9 no figura a les fitxes de l&#8217;\u00c0lbum RENFE, es pot obtenir de la &#8220;<a href=\"http:\/\/www.azaft.org\/wp-content\/uploads\/2020\/05\/Circular-46-Velocidades-maximas-ARCHIVO-AZAFT.pdf\">Circular n\u00fam. 46 de Material y Tracci\u00f3n<\/a>&#8220;, de l&#8217;any 1951, que els companys de l&#8217; <a href=\"http:\/\/www.azaft.org\">A.Z.A.F.T.<\/a> (Asociaci\u00f3n Zaragozana de Amigos del Ferrocarril y Tranv\u00edas) han posat a disposici\u00f3 de tothom.<\/p>\n<div>\n<table class=\"statistics\" style=\"width: 100%; text-align: center;\">\n<thead>\n<tr>\n<td><a style=\"color: #000;\" href=\"https:\/\/www.agrupament.cat\/albumrenfe\/category\/albumrenfe\/\"><strong>Totes les fitxes de l&#8217;\u00c0lbum de material motor RENFE<\/strong><\/a><\/td>\n<\/tr>\n<\/thead>\n<\/table>\n<\/div>\n<div>\n<table class=\"statistics\" style=\"width: 100%; text-align: center;\">\n<thead>\n<tr>\n<td><a style=\"color: #000;\" href=\"https:\/\/www.agrupament.cat\/albumrenfe\/estadistiques\/\"><strong>Estad\u00edstiques del contingut de l&#8217;\u00c0lbum<\/strong><\/a><\/td>\n<\/tr>\n<\/thead>\n<\/table>\n<\/div>\n<div>\n<table class=\"statistics\" style=\"width: 100%; text-align: center;\">\n<thead>\n<tr>\n<td><a style=\"color: #000;\" href=\"https:\/\/www.agrupament.cat\/albumrenfe\/cronologia\/\"><strong>Cronologia de fitxes de material ordenades per anys de fabricaci\u00f3<\/strong><\/a><\/td>\n<\/tr>\n<\/thead>\n<\/table>\n<\/div>\n<p>&nbsp;<\/p>\n","protected":false},"excerpt":{"rendered":"<p>Un cop acabada la Guerra Civil Espanyola, l&#8217;Estat va decidir abordar definitivament la confiscaci\u00f3 de les l\u00ednies i la indemnitzaci\u00f3<\/p>\n","protected":false},"author":2,"featured_media":0,"parent":0,"menu_order":0,"comment_status":"closed","ping_status":"closed","template":"","meta":[],"_links":{"self":[{"href":"https:\/\/www.agrupament.cat\/albumrenfe\/wp-json\/wp\/v2\/pages\/26"}],"collection":[{"href":"https:\/\/www.agrupament.cat\/albumrenfe\/wp-json\/wp\/v2\/pages"}],"about":[{"href":"https:\/\/www.agrupament.cat\/albumrenfe\/wp-json\/wp\/v2\/types\/page"}],"author":[{"embeddable":true,"href":"https:\/\/www.agrupament.cat\/albumrenfe\/wp-json\/wp\/v2\/users\/2"}],"replies":[{"embeddable":true,"href":"https:\/\/www.agrupament.cat\/albumrenfe\/wp-json\/wp\/v2\/comments?post=26"}],"version-history":[{"count":26,"href":"https:\/\/www.agrupament.cat\/albumrenfe\/wp-json\/wp\/v2\/pages\/26\/revisions"}],"predecessor-version":[{"id":1766,"href":"https:\/\/www.agrupament.cat\/albumrenfe\/wp-json\/wp\/v2\/pages\/26\/revisions\/1766"}],"wp:attachment":[{"href":"https:\/\/www.agrupament.cat\/albumrenfe\/wp-json\/wp\/v2\/media?parent=26"}],"curies":[{"name":"wp","href":"https:\/\/api.w.org\/{rel}","templated":true}]}}