{"id":124,"date":"2021-01-03T19:08:31","date_gmt":"2021-01-03T17:08:31","guid":{"rendered":"https:\/\/www.agrupament.cat\/albumrenfe\/?page_id=124"},"modified":"2021-01-25T00:27:58","modified_gmt":"2021-01-24T22:27:58","slug":"cercar-fitxes-a-lalbum","status":"publish","type":"page","link":"https:\/\/www.agrupament.cat\/albumrenfe\/cercar-fitxes-a-lalbum\/","title":{"rendered":"Cercar Fitxes a l&#8217;\u00c0lbum"},"content":{"rendered":"<p>&nbsp;<\/p>\n<hr \/>\n<h4>Informaci\u00f3 de cerca<\/h4>\n<p>La selecci\u00f3 es du a terme restringint totes les fitxes als camps de cerca complimentats, ignorant restriccions per als no utilitzats.<\/p>\n<p>Als camps dobles, la restricci\u00f3 actua en dos sentits:<\/p>\n<ol>\n<li>Si nom\u00e9s es complimenta el primer valor, la restricci\u00f3 es fa per a les fitxes en que aquest camp coincideix amb el valor informat.<\/li>\n<li>Si es complimenten ambd\u00f3s valors, la restricci\u00f3 es fa per a les fitxes en que aquest camp est\u00e0 compr\u00e9s entre els dos valors, inclosos aquests.<\/li>\n<li>Si es complimenta nom\u00e9s el segon valor, la restricci\u00f3 s&#8217;ignora sigui quin sigui aquest valor.<\/li>\n<\/ol>\n<p>Al camp <em>Dades de Preservaci\u00f3<\/em> es pot complimentar:<\/p>\n<ol>\n<li>Una dada a cercar a les fitxes que tenen material preservat. Per exemple: una matr\u00edcula, un nom de locomotora, una ubicaci\u00f3 del material preservat, etc&#8230;<\/li>\n<li>Un asterisc &#8216;*&#8217; per restringir a nom\u00e9s fitxes amb material preservat per a qualsevol cerca informada a la resta de camps. Per exemple, es pot indicar &#8220;ST&#8221; a <em>Rodatge<\/em> i &#8220;*&#8221; a <em>Dades de Preservaci\u00f3<\/em>, per tal de cercar fitxes de l&#8217;\u00c0lbum RENFE amb locomotores &#8216;Saddle Tank&#8217; preservades.<\/li>\n<li>Un signe d&#8217;admiraci\u00f3 &#8216;!&#8217; per restringir a nom\u00e9s fitxes amb material NO preservat per a qualsevol cerca informada a la resta de camps. Per exemple, es pot indicar &#8220;241&#8221; a <em>Rodatge<\/em> i &#8220;!&#8221; a <em>Dades de Preservaci\u00f3<\/em>, per tal de cercar fitxes de l&#8217;\u00c0lbum RENFE amb locomotores &#8216;Muntanya&#8217; sense cap element de la s\u00e8rie preservat.<\/li>\n<\/ol>\n<p>Als camps de cerca de <em>Material el\u00e8ctric<\/em> i de <em>Material t\u00e8rmic<\/em> es pot complimentar, a m\u00e9s dels valors de cerca:<\/p>\n<ol>\n<li>Un asterisc &#8216;*&#8217; per restringir a nom\u00e9s fitxes amb material del tipus de tracci\u00f3 desitjat. Per exemple, es pot indicar &#8220;Vilanova&#8221; a <em>Preservaci\u00f3<\/em> i &#8220;*&#8221; a <em>Tensi\u00f3 d&#8217;alimentaci\u00f3<\/em>, per tal de cercar fitxes de l&#8217;\u00c0lbum RENFE amb locomotores de tracci\u00f3 el\u00e8ctrica (funcionant a qualsevol tensi\u00f3) preservades al Museu de Vilanova.<\/li>\n<li>Un signe d&#8217;admiraci\u00f3 &#8216;!&#8217; per excloure de la cerca les fitxes amb material d&#8217;aquests tipus de tracci\u00f3. Per exemple, es pot indicar &#8220;CAF&#8221; a <em>Fabricant<\/em> i &#8220;!&#8221; a <em>Motor<\/em>, per tal de cercar fitxes de l&#8217;\u00c0lbum RENFE amb material fabricat per CAF que no sigui de tracci\u00f3 t\u00e8rmica.<\/li>\n<\/ol>\n<hr \/>\n<p>Les dades fan refer\u00e8ncia a les que figuren a les fitxes de l&#8217;Album RENFE, tret de la velocitat m\u00e0xima autoritzada, que s&#8217;ha extret de la &#8220;<a href=\"http:\/\/www.azaft.org\/wp-content\/uploads\/2020\/05\/Circular-46-Velocidades-maximas-ARCHIVO-AZAFT.pdf\">Circular n\u00fam. 46 de Material y Tracci\u00f3n<\/a>&#8220;, de l&#8217;any 1951, que els companys de l&#8217; <a href=\"http:\/\/www.azaft.org\">A.Z.A.F.T.<\/a> (Asociaci\u00f3n Zaragozana de Amigos del Ferrocarril y Tranv\u00edas) han posat a disposici\u00f3 de tothom.<\/p>\n","protected":false},"excerpt":{"rendered":"<p>&nbsp; Informaci\u00f3 de cerca La selecci\u00f3 es du a terme restringint totes les fitxes als camps de cerca complimentats, ignorant<\/p>\n","protected":false},"author":2,"featured_media":0,"parent":0,"menu_order":0,"comment_status":"closed","ping_status":"closed","template":"searchpage.php","meta":[],"_links":{"self":[{"href":"https:\/\/www.agrupament.cat\/albumrenfe\/wp-json\/wp\/v2\/pages\/124"}],"collection":[{"href":"https:\/\/www.agrupament.cat\/albumrenfe\/wp-json\/wp\/v2\/pages"}],"about":[{"href":"https:\/\/www.agrupament.cat\/albumrenfe\/wp-json\/wp\/v2\/types\/page"}],"author":[{"embeddable":true,"href":"https:\/\/www.agrupament.cat\/albumrenfe\/wp-json\/wp\/v2\/users\/2"}],"replies":[{"embeddable":true,"href":"https:\/\/www.agrupament.cat\/albumrenfe\/wp-json\/wp\/v2\/comments?post=124"}],"version-history":[{"count":12,"href":"https:\/\/www.agrupament.cat\/albumrenfe\/wp-json\/wp\/v2\/pages\/124\/revisions"}],"predecessor-version":[{"id":1763,"href":"https:\/\/www.agrupament.cat\/albumrenfe\/wp-json\/wp\/v2\/pages\/124\/revisions\/1763"}],"wp:attachment":[{"href":"https:\/\/www.agrupament.cat\/albumrenfe\/wp-json\/wp\/v2\/media?parent=124"}],"curies":[{"name":"wp","href":"https:\/\/api.w.org\/{rel}","templated":true}]}}